{"id":10472,"date":"2015-04-22T17:42:48","date_gmt":"2015-04-22T15:42:48","guid":{"rendered":"https:\/\/www.attems.it\/vini\/ribolla-gialla\/"},"modified":"2026-03-04T11:17:45","modified_gmt":"2026-03-04T10:17:45","slug":"ribolla-gialla","status":"publish","type":"page","link":"https:\/\/www.attems.it\/fr\/les-vins\/ribolla-gialla\/","title":{"rendered":"Ribolla Gialla"},"content":{"rendered":"","protected":false},"excerpt":{"rendered":"","protected":false},"author":9,"featured_media":13013,"parent":10436,"menu_order":9,"comment_status":"open","ping_status":"closed","template":"page-custom-vino.php","meta":[],"yoast_head":"<!-- This site is optimized with the Yoast SEO plugin v16.3 - https:\/\/yoast.com\/wordpress\/plugins\/seo\/ -->\n<meta name=\"description\" content=\"D\u00e9couvrez la Ribolla Gialla, un vin frais et acidul\u00e9, caract\u00e9ris\u00e9 par une robe jaune paille et son bouquet floral. Explorez les nuances de ce vin r\u00e9gional.\" \/>\n<meta name=\"robots\" content=\"index, follow, max-snippet:-1, max-image-preview:large, max-video-preview:-1\" \/>\n<link rel=\"canonical\" href=\"https:\/\/www.attems.it\/fr\/les-vins\/ribolla-gialla\/\" \/>\n<meta property=\"og:locale\" content=\"fr_FR\" \/>\n<meta property=\"og:type\" content=\"article\" \/>\n<meta property=\"og:title\" content=\"Ribolla Gialla | Vins blancs du Frioul | Attems\" \/>\n<meta property=\"og:description\" content=\"D\u00e9couvrez la Ribolla Gialla, un vin frais et acidul\u00e9, caract\u00e9ris\u00e9 par une robe jaune paille et son bouquet floral. Explorez les nuances de ce vin r\u00e9gional.\" \/>\n<meta property=\"og:url\" content=\"https:\/\/www.attems.it\/fr\/les-vins\/ribolla-gialla\/\" \/>\n<meta property=\"og:site_name\" content=\"Attems\" \/>\n<meta property=\"article:modified_time\" content=\"2026-03-04T10:17:45+00:00\" \/>\n<meta property=\"og:image\" content=\"https:\/\/www.attems.it\/wp-content\/uploads\/2026\/02\/MACRO-ATTEMS-RIBOLLA-GIALLA-2025.jpg\" \/>\n\t<meta property=\"og:image:width\" content=\"1134\" \/>\n\t<meta property=\"og:image:height\" content=\"1134\" \/>\n<meta name=\"twitter:card\" content=\"summary_large_image\" \/>\n<script type=\"application\/ld+json\" class=\"yoast-schema-graph\">{\"@context\":\"https:\/\/schema.org\",\"@graph\":[{\"@type\":\"WebSite\",\"@id\":\"https:\/\/www.attems.it\/#website\",\"url\":\"https:\/\/www.attems.it\/\",\"name\":\"Attems\",\"description\":\"Nella storia e nel futuro dei vini del Friuli\",\"potentialAction\":[{\"@type\":\"SearchAction\",\"target\":\"https:\/\/www.attems.it\/?s={search_term_string}\",\"query-input\":\"required name=search_term_string\"}],\"inLanguage\":\"fr-FR\"},{\"@type\":\"ImageObject\",\"@id\":\"https:\/\/www.attems.it\/fr\/les-vins\/ribolla-gialla\/#primaryimage\",\"inLanguage\":\"fr-FR\",\"url\":\"https:\/\/www.attems.it\/wp-content\/uploads\/2026\/02\/MACRO-ATTEMS-RIBOLLA-GIALLA-2025.jpg\",\"contentUrl\":\"https:\/\/www.attems.it\/wp-content\/uploads\/2026\/02\/MACRO-ATTEMS-RIBOLLA-GIALLA-2025.jpg\",\"width\":1134,\"height\":1134},{\"@type\":\"WebPage\",\"@id\":\"https:\/\/www.attems.it\/fr\/les-vins\/ribolla-gialla\/#webpage\",\"url\":\"https:\/\/www.attems.it\/fr\/les-vins\/ribolla-gialla\/\",\"name\":\"Ribolla Gialla | Vins blancs du Frioul | Attems\",\"isPartOf\":{\"@id\":\"https:\/\/www.attems.it\/#website\"},\"primaryImageOfPage\":{\"@id\":\"https:\/\/www.attems.it\/fr\/les-vins\/ribolla-gialla\/#primaryimage\"},\"datePublished\":\"2015-04-22T15:42:48+00:00\",\"dateModified\":\"2026-03-04T10:17:45+00:00\",\"description\":\"D\\u00e9couvrez la Ribolla Gialla, un vin frais et acidul\\u00e9, caract\\u00e9ris\\u00e9 par une robe jaune paille et son bouquet floral. Explorez les nuances de ce vin r\\u00e9gional.\",\"breadcrumb\":{\"@id\":\"https:\/\/www.attems.it\/fr\/les-vins\/ribolla-gialla\/#breadcrumb\"},\"inLanguage\":\"fr-FR\",\"potentialAction\":[{\"@type\":\"ReadAction\",\"target\":[\"https:\/\/www.attems.it\/fr\/les-vins\/ribolla-gialla\/\"]}]},{\"@type\":\"BreadcrumbList\",\"@id\":\"https:\/\/www.attems.it\/fr\/les-vins\/ribolla-gialla\/#breadcrumb\",\"itemListElement\":[{\"@type\":\"ListItem\",\"position\":1,\"item\":{\"@type\":\"WebPage\",\"@id\":\"https:\/\/www.attems.it\/fr\/\",\"url\":\"https:\/\/www.attems.it\/fr\/\",\"name\":\"Home\"}},{\"@type\":\"ListItem\",\"position\":2,\"item\":{\"@type\":\"WebPage\",\"@id\":\"https:\/\/www.attems.it\/fr\/les-vins\/\",\"url\":\"https:\/\/www.attems.it\/fr\/les-vins\/\",\"name\":\"Les Vins\"}},{\"@type\":\"ListItem\",\"position\":3,\"item\":{\"@id\":\"https:\/\/www.attems.it\/fr\/les-vins\/ribolla-gialla\/#webpage\"}}]}]}<\/script>\n<!-- \/ Yoast SEO plugin. -->","_links":{"self":[{"href":"https:\/\/www.attems.it\/fr\/wp-json\/wp\/v2\/pages\/10472"}],"collection":[{"href":"https:\/\/www.attems.it\/fr\/wp-json\/wp\/v2\/pages"}],"about":[{"href":"https:\/\/www.attems.it\/fr\/wp-json\/wp\/v2\/types\/page"}],"author":[{"embeddable":true,"href":"https:\/\/www.attems.it\/fr\/wp-json\/wp\/v2\/users\/9"}],"replies":[{"embeddable":true,"href":"https:\/\/www.attems.it\/fr\/wp-json\/wp\/v2\/comments?post=10472"}],"version-history":[{"count":12,"href":"https:\/\/www.attems.it\/fr\/wp-json\/wp\/v2\/pages\/10472\/revisions"}],"predecessor-version":[{"id":13031,"href":"https:\/\/www.attems.it\/fr\/wp-json\/wp\/v2\/pages\/10472\/revisions\/13031"}],"up":[{"embeddable":true,"href":"https:\/\/www.attems.it\/fr\/wp-json\/wp\/v2\/pages\/10436"}],"wp:featuredmedia":[{"embeddable":true,"href":"https:\/\/www.attems.it\/fr\/wp-json\/wp\/v2\/media\/13013"}],"wp:attachment":[{"href":"https:\/\/www.attems.it\/fr\/wp-json\/wp\/v2\/media?parent=10472"}],"curies":[{"name":"wp","href":"https:\/\/api.w.org\/{rel}","templated":true}]}}