{"id":10468,"date":"2015-04-22T17:33:40","date_gmt":"2015-04-22T15:33:40","guid":{"rendered":"https:\/\/www.attems.it\/vini\/chardonnay\/"},"modified":"2026-03-04T11:19:57","modified_gmt":"2026-03-04T10:19:57","slug":"chardonnay","status":"publish","type":"page","link":"https:\/\/www.attems.it\/fr\/les-vins\/chardonnay\/","title":{"rendered":"Chardonnay"},"content":{"rendered":"","protected":false},"excerpt":{"rendered":"","protected":false},"author":9,"featured_media":13017,"parent":10436,"menu_order":10,"comment_status":"open","ping_status":"closed","template":"page-custom-vino.php","meta":[],"yoast_head":"<!-- This site is optimized with the Yoast SEO plugin v16.3 - https:\/\/yoast.com\/wordpress\/plugins\/seo\/ -->\n<meta name=\"description\" content=\"Laissez-vous s\u00e9duire par les subtils ar\u00f4mes pomme du Chardonnay Friuli, un vin caract\u00e9ris\u00e9 par une couleur jaune paille. Explorez la diversit\u00e9 de ses accords.\" \/>\n<meta name=\"robots\" content=\"index, follow, max-snippet:-1, max-image-preview:large, max-video-preview:-1\" \/>\n<link rel=\"canonical\" href=\"https:\/\/www.attems.it\/fr\/les-vins\/chardonnay\/\" \/>\n<meta property=\"og:locale\" content=\"fr_FR\" \/>\n<meta property=\"og:type\" content=\"article\" \/>\n<meta property=\"og:title\" content=\"Chardonnay Friuli | Vins blancs du Frioul | Attems\" \/>\n<meta property=\"og:description\" content=\"Laissez-vous s\u00e9duire par les subtils ar\u00f4mes pomme du Chardonnay Friuli, un vin caract\u00e9ris\u00e9 par une couleur jaune paille. Explorez la diversit\u00e9 de ses accords.\" \/>\n<meta property=\"og:url\" content=\"https:\/\/www.attems.it\/fr\/les-vins\/chardonnay\/\" \/>\n<meta property=\"og:site_name\" content=\"Attems\" \/>\n<meta property=\"article:modified_time\" content=\"2026-03-04T10:19:57+00:00\" \/>\n<meta property=\"og:image\" content=\"https:\/\/www.attems.it\/wp-content\/uploads\/2026\/02\/MACRO-ATTEMS-CHARDONNAY-2025.jpg\" \/>\n\t<meta property=\"og:image:width\" content=\"1134\" \/>\n\t<meta property=\"og:image:height\" content=\"1134\" \/>\n<meta name=\"twitter:card\" content=\"summary_large_image\" \/>\n<script type=\"application\/ld+json\" class=\"yoast-schema-graph\">{\"@context\":\"https:\/\/schema.org\",\"@graph\":[{\"@type\":\"WebSite\",\"@id\":\"https:\/\/www.attems.it\/#website\",\"url\":\"https:\/\/www.attems.it\/\",\"name\":\"Attems\",\"description\":\"Nella storia e nel futuro dei vini del Friuli\",\"potentialAction\":[{\"@type\":\"SearchAction\",\"target\":\"https:\/\/www.attems.it\/?s={search_term_string}\",\"query-input\":\"required name=search_term_string\"}],\"inLanguage\":\"fr-FR\"},{\"@type\":\"ImageObject\",\"@id\":\"https:\/\/www.attems.it\/fr\/les-vins\/chardonnay\/#primaryimage\",\"inLanguage\":\"fr-FR\",\"url\":\"https:\/\/www.attems.it\/wp-content\/uploads\/2026\/02\/MACRO-ATTEMS-CHARDONNAY-2025.jpg\",\"contentUrl\":\"https:\/\/www.attems.it\/wp-content\/uploads\/2026\/02\/MACRO-ATTEMS-CHARDONNAY-2025.jpg\",\"width\":1134,\"height\":1134},{\"@type\":\"WebPage\",\"@id\":\"https:\/\/www.attems.it\/fr\/les-vins\/chardonnay\/#webpage\",\"url\":\"https:\/\/www.attems.it\/fr\/les-vins\/chardonnay\/\",\"name\":\"Chardonnay Friuli | Vins blancs du Frioul | Attems\",\"isPartOf\":{\"@id\":\"https:\/\/www.attems.it\/#website\"},\"primaryImageOfPage\":{\"@id\":\"https:\/\/www.attems.it\/fr\/les-vins\/chardonnay\/#primaryimage\"},\"datePublished\":\"2015-04-22T15:33:40+00:00\",\"dateModified\":\"2026-03-04T10:19:57+00:00\",\"description\":\"Laissez-vous s\\u00e9duire par les subtils ar\\u00f4mes pomme du Chardonnay Friuli, un vin caract\\u00e9ris\\u00e9 par une couleur jaune paille. Explorez la diversit\\u00e9 de ses accords.\",\"breadcrumb\":{\"@id\":\"https:\/\/www.attems.it\/fr\/les-vins\/chardonnay\/#breadcrumb\"},\"inLanguage\":\"fr-FR\",\"potentialAction\":[{\"@type\":\"ReadAction\",\"target\":[\"https:\/\/www.attems.it\/fr\/les-vins\/chardonnay\/\"]}]},{\"@type\":\"BreadcrumbList\",\"@id\":\"https:\/\/www.attems.it\/fr\/les-vins\/chardonnay\/#breadcrumb\",\"itemListElement\":[{\"@type\":\"ListItem\",\"position\":1,\"item\":{\"@type\":\"WebPage\",\"@id\":\"https:\/\/www.attems.it\/fr\/\",\"url\":\"https:\/\/www.attems.it\/fr\/\",\"name\":\"Home\"}},{\"@type\":\"ListItem\",\"position\":2,\"item\":{\"@type\":\"WebPage\",\"@id\":\"https:\/\/www.attems.it\/fr\/les-vins\/\",\"url\":\"https:\/\/www.attems.it\/fr\/les-vins\/\",\"name\":\"Les Vins\"}},{\"@type\":\"ListItem\",\"position\":3,\"item\":{\"@id\":\"https:\/\/www.attems.it\/fr\/les-vins\/chardonnay\/#webpage\"}}]}]}<\/script>\n<!-- \/ Yoast SEO plugin. -->","_links":{"self":[{"href":"https:\/\/www.attems.it\/fr\/wp-json\/wp\/v2\/pages\/10468"}],"collection":[{"href":"https:\/\/www.attems.it\/fr\/wp-json\/wp\/v2\/pages"}],"about":[{"href":"https:\/\/www.attems.it\/fr\/wp-json\/wp\/v2\/types\/page"}],"author":[{"embeddable":true,"href":"https:\/\/www.attems.it\/fr\/wp-json\/wp\/v2\/users\/9"}],"replies":[{"embeddable":true,"href":"https:\/\/www.attems.it\/fr\/wp-json\/wp\/v2\/comments?post=10468"}],"version-history":[{"count":12,"href":"https:\/\/www.attems.it\/fr\/wp-json\/wp\/v2\/pages\/10468\/revisions"}],"predecessor-version":[{"id":13036,"href":"https:\/\/www.attems.it\/fr\/wp-json\/wp\/v2\/pages\/10468\/revisions\/13036"}],"up":[{"embeddable":true,"href":"https:\/\/www.attems.it\/fr\/wp-json\/wp\/v2\/pages\/10436"}],"wp:featuredmedia":[{"embeddable":true,"href":"https:\/\/www.attems.it\/fr\/wp-json\/wp\/v2\/media\/13017"}],"wp:attachment":[{"href":"https:\/\/www.attems.it\/fr\/wp-json\/wp\/v2\/media?parent=10468"}],"curies":[{"name":"wp","href":"https:\/\/api.w.org\/{rel}","templated":true}]}}