{"id":10464,"date":"2015-04-21T15:37:51","date_gmt":"2015-04-21T13:37:51","guid":{"rendered":"https:\/\/www.attems.it\/vini\/sauvignon\/"},"modified":"2026-03-04T11:21:24","modified_gmt":"2026-03-04T10:21:24","slug":"sauvignon","status":"publish","type":"page","link":"https:\/\/www.attems.it\/fr\/les-vins\/sauvignon\/","title":{"rendered":"Sauvignon"},"content":{"rendered":"","protected":false},"excerpt":{"rendered":"","protected":false},"author":9,"featured_media":13021,"parent":10436,"menu_order":11,"comment_status":"open","ping_status":"open","template":"page-custom-vino.php","meta":[],"yoast_head":"<!-- This site is optimized with the Yoast SEO plugin v16.3 - https:\/\/yoast.com\/wordpress\/plugins\/seo\/ -->\n<meta name=\"description\" content=\"Le Sauvignon Blanc du Frioul se d\u00e9marque par son ar\u00f4me captivant. Sa robe jaune paille est rehauss\u00e9e par des reflets verts uniques. Explorez-le d\u00e8s maintenant.\" \/>\n<meta name=\"robots\" content=\"index, follow, max-snippet:-1, max-image-preview:large, max-video-preview:-1\" \/>\n<link rel=\"canonical\" href=\"https:\/\/www.attems.it\/fr\/les-vins\/sauvignon\/\" \/>\n<meta property=\"og:locale\" content=\"fr_FR\" \/>\n<meta property=\"og:type\" content=\"article\" \/>\n<meta property=\"og:title\" content=\"Sauvignon Blanc Friuli | Vins du Frioul | Attems\" \/>\n<meta property=\"og:description\" content=\"Le Sauvignon Blanc du Frioul se d\u00e9marque par son ar\u00f4me captivant. Sa robe jaune paille est rehauss\u00e9e par des reflets verts uniques. Explorez-le d\u00e8s maintenant.\" \/>\n<meta property=\"og:url\" content=\"https:\/\/www.attems.it\/fr\/les-vins\/sauvignon\/\" \/>\n<meta property=\"og:site_name\" content=\"Attems\" \/>\n<meta property=\"article:modified_time\" content=\"2026-03-04T10:21:24+00:00\" \/>\n<meta property=\"og:image\" content=\"https:\/\/www.attems.it\/wp-content\/uploads\/2026\/02\/MACRO-ATTEMS-SAUVIGNON-BLANC-2025.jpg\" \/>\n\t<meta property=\"og:image:width\" content=\"1134\" \/>\n\t<meta property=\"og:image:height\" content=\"1134\" \/>\n<meta name=\"twitter:card\" content=\"summary_large_image\" \/>\n<script type=\"application\/ld+json\" class=\"yoast-schema-graph\">{\"@context\":\"https:\/\/schema.org\",\"@graph\":[{\"@type\":\"WebSite\",\"@id\":\"https:\/\/www.attems.it\/#website\",\"url\":\"https:\/\/www.attems.it\/\",\"name\":\"Attems\",\"description\":\"Nella storia e nel futuro dei vini del Friuli\",\"potentialAction\":[{\"@type\":\"SearchAction\",\"target\":\"https:\/\/www.attems.it\/?s={search_term_string}\",\"query-input\":\"required name=search_term_string\"}],\"inLanguage\":\"fr-FR\"},{\"@type\":\"ImageObject\",\"@id\":\"https:\/\/www.attems.it\/fr\/les-vins\/sauvignon\/#primaryimage\",\"inLanguage\":\"fr-FR\",\"url\":\"https:\/\/www.attems.it\/wp-content\/uploads\/2026\/02\/MACRO-ATTEMS-SAUVIGNON-BLANC-2025.jpg\",\"contentUrl\":\"https:\/\/www.attems.it\/wp-content\/uploads\/2026\/02\/MACRO-ATTEMS-SAUVIGNON-BLANC-2025.jpg\",\"width\":1134,\"height\":1134},{\"@type\":\"WebPage\",\"@id\":\"https:\/\/www.attems.it\/fr\/les-vins\/sauvignon\/#webpage\",\"url\":\"https:\/\/www.attems.it\/fr\/les-vins\/sauvignon\/\",\"name\":\"Sauvignon Blanc Friuli | Vins du Frioul | Attems\",\"isPartOf\":{\"@id\":\"https:\/\/www.attems.it\/#website\"},\"primaryImageOfPage\":{\"@id\":\"https:\/\/www.attems.it\/fr\/les-vins\/sauvignon\/#primaryimage\"},\"datePublished\":\"2015-04-21T13:37:51+00:00\",\"dateModified\":\"2026-03-04T10:21:24+00:00\",\"description\":\"Le Sauvignon Blanc du Frioul se d\\u00e9marque par son ar\\u00f4me captivant. Sa robe jaune paille est rehauss\\u00e9e par des reflets verts uniques. Explorez-le d\\u00e8s maintenant.\",\"breadcrumb\":{\"@id\":\"https:\/\/www.attems.it\/fr\/les-vins\/sauvignon\/#breadcrumb\"},\"inLanguage\":\"fr-FR\",\"potentialAction\":[{\"@type\":\"ReadAction\",\"target\":[\"https:\/\/www.attems.it\/fr\/les-vins\/sauvignon\/\"]}]},{\"@type\":\"BreadcrumbList\",\"@id\":\"https:\/\/www.attems.it\/fr\/les-vins\/sauvignon\/#breadcrumb\",\"itemListElement\":[{\"@type\":\"ListItem\",\"position\":1,\"item\":{\"@type\":\"WebPage\",\"@id\":\"https:\/\/www.attems.it\/fr\/\",\"url\":\"https:\/\/www.attems.it\/fr\/\",\"name\":\"Home\"}},{\"@type\":\"ListItem\",\"position\":2,\"item\":{\"@type\":\"WebPage\",\"@id\":\"https:\/\/www.attems.it\/fr\/les-vins\/\",\"url\":\"https:\/\/www.attems.it\/fr\/les-vins\/\",\"name\":\"Les Vins\"}},{\"@type\":\"ListItem\",\"position\":3,\"item\":{\"@id\":\"https:\/\/www.attems.it\/fr\/les-vins\/sauvignon\/#webpage\"}}]}]}<\/script>\n<!-- \/ Yoast SEO plugin. -->","_links":{"self":[{"href":"https:\/\/www.attems.it\/fr\/wp-json\/wp\/v2\/pages\/10464"}],"collection":[{"href":"https:\/\/www.attems.it\/fr\/wp-json\/wp\/v2\/pages"}],"about":[{"href":"https:\/\/www.attems.it\/fr\/wp-json\/wp\/v2\/types\/page"}],"author":[{"embeddable":true,"href":"https:\/\/www.attems.it\/fr\/wp-json\/wp\/v2\/users\/9"}],"replies":[{"embeddable":true,"href":"https:\/\/www.attems.it\/fr\/wp-json\/wp\/v2\/comments?post=10464"}],"version-history":[{"count":10,"href":"https:\/\/www.attems.it\/fr\/wp-json\/wp\/v2\/pages\/10464\/revisions"}],"predecessor-version":[{"id":13041,"href":"https:\/\/www.attems.it\/fr\/wp-json\/wp\/v2\/pages\/10464\/revisions\/13041"}],"up":[{"embeddable":true,"href":"https:\/\/www.attems.it\/fr\/wp-json\/wp\/v2\/pages\/10436"}],"wp:featuredmedia":[{"embeddable":true,"href":"https:\/\/www.attems.it\/fr\/wp-json\/wp\/v2\/media\/13021"}],"wp:attachment":[{"href":"https:\/\/www.attems.it\/fr\/wp-json\/wp\/v2\/media?parent=10464"}],"curies":[{"name":"wp","href":"https:\/\/api.w.org\/{rel}","templated":true}]}}