{"id":10460,"date":"2015-04-22T17:50:33","date_gmt":"2015-04-22T15:50:33","guid":{"rendered":"https:\/\/www.attems.it\/vini\/pinot-grigio-ramato\/"},"modified":"2026-03-04T11:24:29","modified_gmt":"2026-03-04T10:24:29","slug":"pinot-grigio-ramato","status":"publish","type":"page","link":"https:\/\/www.attems.it\/fr\/les-vins\/pinot-grigio-ramato\/","title":{"rendered":"Pinot Grigio Ramato"},"content":{"rendered":"","protected":false},"excerpt":{"rendered":"","protected":false},"author":9,"featured_media":12249,"parent":10436,"menu_order":13,"comment_status":"open","ping_status":"closed","template":"page-custom-vino.php","meta":[],"yoast_head":"<!-- This site is optimized with the Yoast SEO plugin v16.3 - https:\/\/yoast.com\/wordpress\/plugins\/seo\/ -->\n<meta name=\"description\" content=\"Le Pinot Grigio Ramato aux ar\u00f4mes francs de p\u00eache blanche et de melon se caract\u00e9rise par sa couleur cuivr\u00e9e distinctive. D\u00e9couvrez ce vin d\u00e8s maintenant.\" \/>\n<meta name=\"robots\" content=\"index, follow, max-snippet:-1, max-image-preview:large, max-video-preview:-1\" \/>\n<link rel=\"canonical\" href=\"https:\/\/www.attems.it\/fr\/les-vins\/pinot-grigio-ramato\/\" \/>\n<meta property=\"og:locale\" content=\"fr_FR\" \/>\n<meta property=\"og:type\" content=\"article\" \/>\n<meta property=\"og:title\" content=\"Pinot Grigio Ramato | Vins du Frioul | Attems\" \/>\n<meta property=\"og:description\" content=\"Le Pinot Grigio Ramato aux ar\u00f4mes francs de p\u00eache blanche et de melon se caract\u00e9rise par sa couleur cuivr\u00e9e distinctive. D\u00e9couvrez ce vin d\u00e8s maintenant.\" \/>\n<meta property=\"og:url\" content=\"https:\/\/www.attems.it\/fr\/les-vins\/pinot-grigio-ramato\/\" \/>\n<meta property=\"og:site_name\" content=\"Attems\" \/>\n<meta property=\"article:modified_time\" content=\"2026-03-04T10:24:29+00:00\" \/>\n<meta property=\"og:image\" content=\"https:\/\/www.attems.it\/wp-content\/uploads\/2024\/03\/Progetto-senza-titolo.jpg\" \/>\n\t<meta property=\"og:image:width\" content=\"482\" \/>\n\t<meta property=\"og:image:height\" content=\"482\" \/>\n<meta name=\"twitter:card\" content=\"summary_large_image\" \/>\n<script type=\"application\/ld+json\" class=\"yoast-schema-graph\">{\"@context\":\"https:\/\/schema.org\",\"@graph\":[{\"@type\":\"WebSite\",\"@id\":\"https:\/\/www.attems.it\/#website\",\"url\":\"https:\/\/www.attems.it\/\",\"name\":\"Attems\",\"description\":\"Nella storia e nel futuro dei vini del Friuli\",\"potentialAction\":[{\"@type\":\"SearchAction\",\"target\":\"https:\/\/www.attems.it\/?s={search_term_string}\",\"query-input\":\"required name=search_term_string\"}],\"inLanguage\":\"fr-FR\"},{\"@type\":\"ImageObject\",\"@id\":\"https:\/\/www.attems.it\/fr\/les-vins\/pinot-grigio-ramato\/#primaryimage\",\"inLanguage\":\"fr-FR\",\"url\":\"https:\/\/www.attems.it\/wp-content\/uploads\/2024\/03\/Progetto-senza-titolo.jpg\",\"contentUrl\":\"https:\/\/www.attems.it\/wp-content\/uploads\/2024\/03\/Progetto-senza-titolo.jpg\",\"width\":482,\"height\":482},{\"@type\":\"WebPage\",\"@id\":\"https:\/\/www.attems.it\/fr\/les-vins\/pinot-grigio-ramato\/#webpage\",\"url\":\"https:\/\/www.attems.it\/fr\/les-vins\/pinot-grigio-ramato\/\",\"name\":\"Pinot Grigio Ramato | Vins du Frioul | Attems\",\"isPartOf\":{\"@id\":\"https:\/\/www.attems.it\/#website\"},\"primaryImageOfPage\":{\"@id\":\"https:\/\/www.attems.it\/fr\/les-vins\/pinot-grigio-ramato\/#primaryimage\"},\"datePublished\":\"2015-04-22T15:50:33+00:00\",\"dateModified\":\"2026-03-04T10:24:29+00:00\",\"description\":\"Le Pinot Grigio Ramato aux ar\\u00f4mes francs de p\\u00eache blanche et de melon se caract\\u00e9rise par sa couleur cuivr\\u00e9e distinctive. D\\u00e9couvrez ce vin d\\u00e8s maintenant.\",\"breadcrumb\":{\"@id\":\"https:\/\/www.attems.it\/fr\/les-vins\/pinot-grigio-ramato\/#breadcrumb\"},\"inLanguage\":\"fr-FR\",\"potentialAction\":[{\"@type\":\"ReadAction\",\"target\":[\"https:\/\/www.attems.it\/fr\/les-vins\/pinot-grigio-ramato\/\"]}]},{\"@type\":\"BreadcrumbList\",\"@id\":\"https:\/\/www.attems.it\/fr\/les-vins\/pinot-grigio-ramato\/#breadcrumb\",\"itemListElement\":[{\"@type\":\"ListItem\",\"position\":1,\"item\":{\"@type\":\"WebPage\",\"@id\":\"https:\/\/www.attems.it\/fr\/\",\"url\":\"https:\/\/www.attems.it\/fr\/\",\"name\":\"Home\"}},{\"@type\":\"ListItem\",\"position\":2,\"item\":{\"@type\":\"WebPage\",\"@id\":\"https:\/\/www.attems.it\/fr\/les-vins\/\",\"url\":\"https:\/\/www.attems.it\/fr\/les-vins\/\",\"name\":\"Les Vins\"}},{\"@type\":\"ListItem\",\"position\":3,\"item\":{\"@id\":\"https:\/\/www.attems.it\/fr\/les-vins\/pinot-grigio-ramato\/#webpage\"}}]}]}<\/script>\n<!-- \/ Yoast SEO plugin. -->","_links":{"self":[{"href":"https:\/\/www.attems.it\/fr\/wp-json\/wp\/v2\/pages\/10460"}],"collection":[{"href":"https:\/\/www.attems.it\/fr\/wp-json\/wp\/v2\/pages"}],"about":[{"href":"https:\/\/www.attems.it\/fr\/wp-json\/wp\/v2\/types\/page"}],"author":[{"embeddable":true,"href":"https:\/\/www.attems.it\/fr\/wp-json\/wp\/v2\/users\/9"}],"replies":[{"embeddable":true,"href":"https:\/\/www.attems.it\/fr\/wp-json\/wp\/v2\/comments?post=10460"}],"version-history":[{"count":12,"href":"https:\/\/www.attems.it\/fr\/wp-json\/wp\/v2\/pages\/10460\/revisions"}],"predecessor-version":[{"id":13046,"href":"https:\/\/www.attems.it\/fr\/wp-json\/wp\/v2\/pages\/10460\/revisions\/13046"}],"up":[{"embeddable":true,"href":"https:\/\/www.attems.it\/fr\/wp-json\/wp\/v2\/pages\/10436"}],"wp:featuredmedia":[{"embeddable":true,"href":"https:\/\/www.attems.it\/fr\/wp-json\/wp\/v2\/media\/12249"}],"wp:attachment":[{"href":"https:\/\/www.attems.it\/fr\/wp-json\/wp\/v2\/media?parent=10460"}],"curies":[{"name":"wp","href":"https:\/\/api.w.org\/{rel}","templated":true}]}}