{"id":10456,"date":"2015-03-25T13:11:33","date_gmt":"2015-03-25T12:11:33","guid":{"rendered":"https:\/\/www.attems.it\/vini\/pinot-grigio\/"},"modified":"2026-03-04T11:26:07","modified_gmt":"2026-03-04T10:26:07","slug":"pinot-grigio","status":"publish","type":"page","link":"https:\/\/www.attems.it\/fr\/les-vins\/pinot-grigio\/","title":{"rendered":"Pinot Grigio"},"content":{"rendered":"","protected":false},"excerpt":{"rendered":"","protected":false},"author":9,"featured_media":13025,"parent":10436,"menu_order":14,"comment_status":"open","ping_status":"open","template":"page-custom-vino.php","meta":[],"yoast_head":"<!-- This site is optimized with the Yoast SEO plugin v16.3 - https:\/\/yoast.com\/wordpress\/plugins\/seo\/ -->\n<meta name=\"description\" content=\"Le Pinot Grigio se distingue par sa couleur jaune paille et s&#039;affirme par son ar\u00f4me fruit\u00e9 ainsi que sa fra\u00eecheur en bouche. Explorez toutes ses subtilit\u00e9s.\" \/>\n<meta name=\"robots\" content=\"index, follow, max-snippet:-1, max-image-preview:large, max-video-preview:-1\" \/>\n<link rel=\"canonical\" href=\"https:\/\/www.attems.it\/fr\/les-vins\/pinot-grigio\/\" \/>\n<meta property=\"og:locale\" content=\"fr_FR\" \/>\n<meta property=\"og:type\" content=\"article\" \/>\n<meta property=\"og:title\" content=\"Pinot Grigio | Vins du Frioul | Attems\" \/>\n<meta property=\"og:description\" content=\"Le Pinot Grigio se distingue par sa couleur jaune paille et s&#039;affirme par son ar\u00f4me fruit\u00e9 ainsi que sa fra\u00eecheur en bouche. Explorez toutes ses subtilit\u00e9s.\" \/>\n<meta property=\"og:url\" content=\"https:\/\/www.attems.it\/fr\/les-vins\/pinot-grigio\/\" \/>\n<meta property=\"og:site_name\" content=\"Attems\" \/>\n<meta property=\"article:modified_time\" content=\"2026-03-04T10:26:07+00:00\" \/>\n<meta property=\"og:image\" content=\"https:\/\/www.attems.it\/wp-content\/uploads\/2026\/02\/MACRO-ATTEMS-PINOT-GRIGIO-2025.jpg\" \/>\n\t<meta property=\"og:image:width\" content=\"1134\" \/>\n\t<meta property=\"og:image:height\" content=\"1134\" \/>\n<meta name=\"twitter:card\" content=\"summary_large_image\" \/>\n<script type=\"application\/ld+json\" class=\"yoast-schema-graph\">{\"@context\":\"https:\/\/schema.org\",\"@graph\":[{\"@type\":\"WebSite\",\"@id\":\"https:\/\/www.attems.it\/#website\",\"url\":\"https:\/\/www.attems.it\/\",\"name\":\"Attems\",\"description\":\"Nella storia e nel futuro dei vini del Friuli\",\"potentialAction\":[{\"@type\":\"SearchAction\",\"target\":\"https:\/\/www.attems.it\/?s={search_term_string}\",\"query-input\":\"required name=search_term_string\"}],\"inLanguage\":\"fr-FR\"},{\"@type\":\"ImageObject\",\"@id\":\"https:\/\/www.attems.it\/fr\/les-vins\/pinot-grigio\/#primaryimage\",\"inLanguage\":\"fr-FR\",\"url\":\"https:\/\/www.attems.it\/wp-content\/uploads\/2026\/02\/MACRO-ATTEMS-PINOT-GRIGIO-2025.jpg\",\"contentUrl\":\"https:\/\/www.attems.it\/wp-content\/uploads\/2026\/02\/MACRO-ATTEMS-PINOT-GRIGIO-2025.jpg\",\"width\":1134,\"height\":1134},{\"@type\":\"WebPage\",\"@id\":\"https:\/\/www.attems.it\/fr\/les-vins\/pinot-grigio\/#webpage\",\"url\":\"https:\/\/www.attems.it\/fr\/les-vins\/pinot-grigio\/\",\"name\":\"Pinot Grigio | Vins du Frioul | Attems\",\"isPartOf\":{\"@id\":\"https:\/\/www.attems.it\/#website\"},\"primaryImageOfPage\":{\"@id\":\"https:\/\/www.attems.it\/fr\/les-vins\/pinot-grigio\/#primaryimage\"},\"datePublished\":\"2015-03-25T12:11:33+00:00\",\"dateModified\":\"2026-03-04T10:26:07+00:00\",\"description\":\"Le Pinot Grigio se distingue par sa couleur jaune paille et s'affirme par son ar\\u00f4me fruit\\u00e9 ainsi que sa fra\\u00eecheur en bouche. Explorez toutes ses subtilit\\u00e9s.\",\"breadcrumb\":{\"@id\":\"https:\/\/www.attems.it\/fr\/les-vins\/pinot-grigio\/#breadcrumb\"},\"inLanguage\":\"fr-FR\",\"potentialAction\":[{\"@type\":\"ReadAction\",\"target\":[\"https:\/\/www.attems.it\/fr\/les-vins\/pinot-grigio\/\"]}]},{\"@type\":\"BreadcrumbList\",\"@id\":\"https:\/\/www.attems.it\/fr\/les-vins\/pinot-grigio\/#breadcrumb\",\"itemListElement\":[{\"@type\":\"ListItem\",\"position\":1,\"item\":{\"@type\":\"WebPage\",\"@id\":\"https:\/\/www.attems.it\/fr\/\",\"url\":\"https:\/\/www.attems.it\/fr\/\",\"name\":\"Home\"}},{\"@type\":\"ListItem\",\"position\":2,\"item\":{\"@type\":\"WebPage\",\"@id\":\"https:\/\/www.attems.it\/fr\/les-vins\/\",\"url\":\"https:\/\/www.attems.it\/fr\/les-vins\/\",\"name\":\"Les Vins\"}},{\"@type\":\"ListItem\",\"position\":3,\"item\":{\"@id\":\"https:\/\/www.attems.it\/fr\/les-vins\/pinot-grigio\/#webpage\"}}]}]}<\/script>\n<!-- \/ Yoast SEO plugin. -->","_links":{"self":[{"href":"https:\/\/www.attems.it\/fr\/wp-json\/wp\/v2\/pages\/10456"}],"collection":[{"href":"https:\/\/www.attems.it\/fr\/wp-json\/wp\/v2\/pages"}],"about":[{"href":"https:\/\/www.attems.it\/fr\/wp-json\/wp\/v2\/types\/page"}],"author":[{"embeddable":true,"href":"https:\/\/www.attems.it\/fr\/wp-json\/wp\/v2\/users\/9"}],"replies":[{"embeddable":true,"href":"https:\/\/www.attems.it\/fr\/wp-json\/wp\/v2\/comments?post=10456"}],"version-history":[{"count":11,"href":"https:\/\/www.attems.it\/fr\/wp-json\/wp\/v2\/pages\/10456\/revisions"}],"predecessor-version":[{"id":13051,"href":"https:\/\/www.attems.it\/fr\/wp-json\/wp\/v2\/pages\/10456\/revisions\/13051"}],"up":[{"embeddable":true,"href":"https:\/\/www.attems.it\/fr\/wp-json\/wp\/v2\/pages\/10436"}],"wp:featuredmedia":[{"embeddable":true,"href":"https:\/\/www.attems.it\/fr\/wp-json\/wp\/v2\/media\/13025"}],"wp:attachment":[{"href":"https:\/\/www.attems.it\/fr\/wp-json\/wp\/v2\/media?parent=10456"}],"curies":[{"name":"wp","href":"https:\/\/api.w.org\/{rel}","templated":true}]}}