{"id":10448,"date":"2018-01-12T15:17:41","date_gmt":"2018-01-12T14:17:41","guid":{"rendered":"https:\/\/www.attems.it\/vini\/trebes\/"},"modified":"2025-09-09T11:10:02","modified_gmt":"2025-09-09T09:10:02","slug":"trebes","status":"publish","type":"page","link":"https:\/\/www.attems.it\/fr\/les-vins\/trebes\/","title":{"rendered":"Trebes"},"content":{"rendered":"","protected":false},"excerpt":{"rendered":"","protected":false},"author":9,"featured_media":12742,"parent":10436,"menu_order":16,"comment_status":"open","ping_status":"closed","template":"page-custom-vino.php","meta":[],"yoast_head":"<!-- This site is optimized with the Yoast SEO plugin v16.3 - https:\/\/yoast.com\/wordpress\/plugins\/seo\/ -->\n<meta name=\"description\" content=\"Le Trebes Ribolla Gialla exprime des ar\u00f4mes prononc\u00e9s et \u00e9l\u00e9gants. Son bouquet r\u00e9v\u00e8le des notes acides et fra\u00eeches en bouche. Laissez-vous s\u00e9duire par ce vin.\" \/>\n<meta name=\"robots\" content=\"index, follow, max-snippet:-1, max-image-preview:large, max-video-preview:-1\" \/>\n<link rel=\"canonical\" href=\"https:\/\/www.attems.it\/fr\/les-vins\/trebes\/\" \/>\n<meta property=\"og:locale\" content=\"fr_FR\" \/>\n<meta property=\"og:type\" content=\"article\" \/>\n<meta property=\"og:title\" content=\"Trebes Ribolla Gialla | Vins blancs du Frioul | Attems\" \/>\n<meta property=\"og:description\" content=\"Le Trebes Ribolla Gialla exprime des ar\u00f4mes prononc\u00e9s et \u00e9l\u00e9gants. Son bouquet r\u00e9v\u00e8le des notes acides et fra\u00eeches en bouche. Laissez-vous s\u00e9duire par ce vin.\" \/>\n<meta property=\"og:url\" content=\"https:\/\/www.attems.it\/fr\/les-vins\/trebes\/\" \/>\n<meta property=\"og:site_name\" content=\"Attems\" \/>\n<meta property=\"article:modified_time\" content=\"2025-09-09T09:10:02+00:00\" \/>\n<meta property=\"og:image\" content=\"https:\/\/www.attems.it\/wp-content\/uploads\/2025\/09\/ATTEMS-TREBES-2023-emotional-vert_q.jpg\" \/>\n\t<meta property=\"og:image:width\" content=\"2362\" \/>\n\t<meta property=\"og:image:height\" content=\"2362\" \/>\n<meta name=\"twitter:card\" content=\"summary_large_image\" \/>\n<script type=\"application\/ld+json\" class=\"yoast-schema-graph\">{\"@context\":\"https:\/\/schema.org\",\"@graph\":[{\"@type\":\"WebSite\",\"@id\":\"https:\/\/www.attems.it\/#website\",\"url\":\"https:\/\/www.attems.it\/\",\"name\":\"Attems\",\"description\":\"Nella storia e nel futuro dei vini del Friuli\",\"potentialAction\":[{\"@type\":\"SearchAction\",\"target\":\"https:\/\/www.attems.it\/?s={search_term_string}\",\"query-input\":\"required name=search_term_string\"}],\"inLanguage\":\"fr-FR\"},{\"@type\":\"ImageObject\",\"@id\":\"https:\/\/www.attems.it\/fr\/les-vins\/trebes\/#primaryimage\",\"inLanguage\":\"fr-FR\",\"url\":\"https:\/\/www.attems.it\/wp-content\/uploads\/2025\/09\/ATTEMS-TREBES-2023-emotional-vert_q.jpg\",\"contentUrl\":\"https:\/\/www.attems.it\/wp-content\/uploads\/2025\/09\/ATTEMS-TREBES-2023-emotional-vert_q.jpg\",\"width\":2362,\"height\":2362},{\"@type\":\"WebPage\",\"@id\":\"https:\/\/www.attems.it\/fr\/les-vins\/trebes\/#webpage\",\"url\":\"https:\/\/www.attems.it\/fr\/les-vins\/trebes\/\",\"name\":\"Trebes Ribolla Gialla | Vins blancs du Frioul | Attems\",\"isPartOf\":{\"@id\":\"https:\/\/www.attems.it\/#website\"},\"primaryImageOfPage\":{\"@id\":\"https:\/\/www.attems.it\/fr\/les-vins\/trebes\/#primaryimage\"},\"datePublished\":\"2018-01-12T14:17:41+00:00\",\"dateModified\":\"2025-09-09T09:10:02+00:00\",\"description\":\"Le Trebes Ribolla Gialla exprime des ar\\u00f4mes prononc\\u00e9s et \\u00e9l\\u00e9gants. Son bouquet r\\u00e9v\\u00e8le des notes acides et fra\\u00eeches en bouche. Laissez-vous s\\u00e9duire par ce vin.\",\"breadcrumb\":{\"@id\":\"https:\/\/www.attems.it\/fr\/les-vins\/trebes\/#breadcrumb\"},\"inLanguage\":\"fr-FR\",\"potentialAction\":[{\"@type\":\"ReadAction\",\"target\":[\"https:\/\/www.attems.it\/fr\/les-vins\/trebes\/\"]}]},{\"@type\":\"BreadcrumbList\",\"@id\":\"https:\/\/www.attems.it\/fr\/les-vins\/trebes\/#breadcrumb\",\"itemListElement\":[{\"@type\":\"ListItem\",\"position\":1,\"item\":{\"@type\":\"WebPage\",\"@id\":\"https:\/\/www.attems.it\/fr\/\",\"url\":\"https:\/\/www.attems.it\/fr\/\",\"name\":\"Home\"}},{\"@type\":\"ListItem\",\"position\":2,\"item\":{\"@type\":\"WebPage\",\"@id\":\"https:\/\/www.attems.it\/fr\/les-vins\/\",\"url\":\"https:\/\/www.attems.it\/fr\/les-vins\/\",\"name\":\"Les Vins\"}},{\"@type\":\"ListItem\",\"position\":3,\"item\":{\"@id\":\"https:\/\/www.attems.it\/fr\/les-vins\/trebes\/#webpage\"}}]}]}<\/script>\n<!-- \/ Yoast SEO plugin. -->","_links":{"self":[{"href":"https:\/\/www.attems.it\/fr\/wp-json\/wp\/v2\/pages\/10448"}],"collection":[{"href":"https:\/\/www.attems.it\/fr\/wp-json\/wp\/v2\/pages"}],"about":[{"href":"https:\/\/www.attems.it\/fr\/wp-json\/wp\/v2\/types\/page"}],"author":[{"embeddable":true,"href":"https:\/\/www.attems.it\/fr\/wp-json\/wp\/v2\/users\/9"}],"replies":[{"embeddable":true,"href":"https:\/\/www.attems.it\/fr\/wp-json\/wp\/v2\/comments?post=10448"}],"version-history":[{"count":14,"href":"https:\/\/www.attems.it\/fr\/wp-json\/wp\/v2\/pages\/10448\/revisions"}],"predecessor-version":[{"id":12762,"href":"https:\/\/www.attems.it\/fr\/wp-json\/wp\/v2\/pages\/10448\/revisions\/12762"}],"up":[{"embeddable":true,"href":"https:\/\/www.attems.it\/fr\/wp-json\/wp\/v2\/pages\/10436"}],"wp:featuredmedia":[{"embeddable":true,"href":"https:\/\/www.attems.it\/fr\/wp-json\/wp\/v2\/media\/12742"}],"wp:attachment":[{"href":"https:\/\/www.attems.it\/fr\/wp-json\/wp\/v2\/media?parent=10448"}],"curies":[{"name":"wp","href":"https:\/\/api.w.org\/{rel}","templated":true}]}}