{"id":10438,"date":"2017-03-09T11:15:43","date_gmt":"2017-03-09T10:15:43","guid":{"rendered":"https:\/\/www.attems.it\/proprieta\/"},"modified":"2024-02-09T09:43:53","modified_gmt":"2024-02-09T08:43:53","slug":"proprieta","status":"publish","type":"page","link":"https:\/\/www.attems.it\/fr\/proprieta\/","title":{"rendered":"Propriet\u00e0"},"content":{"rendered":"<p>Depuis 700 ans, la famille <strong>Frescobaldi<\/strong> allie tradition, exp\u00e9rience et innovation \u00e0 la cr\u00e9ativit\u00e9 et \u00e0 la recherche de l\u2019excellence.<\/p>\n<p>La famille a toujours cherch\u00e9 \u00e0 d\u00e9velopper et \u00e0 c\u00e9l\u00e9brer la diversit\u00e9 du terroir toscan. Fiers propri\u00e9taires de certains des plus grands vignobles de la r\u00e9gion, ils ont toujours cherch\u00e9 \u00e0 pr\u00e9server l\u2019identit\u00e9 et l\u2019autonomie de chaque propri\u00e9t\u00e9.<\/p>\n<p><strong>Attems<\/strong> est l\u2019un des plus anciens domaines du Frioul et a prosp\u00e9r\u00e9 sous la direction de la famille Frescobaldi.<\/p>\n<p><strong>Attems<\/strong> est l\u2019un des domaines appartenant \u00e0 la famille, aux c\u00f4t\u00e9s d\u2019Ornellaia, Masseto, Danzante, Luce della Vite et des six domaines Frescobaldi Nipozzano, CastelGiocondo, Pomino, Ammiraglia, Castiglioni et Remole.<\/p>\n","protected":false},"excerpt":{"rendered":"<p>Depuis 700 ans, la famille Frescobaldi allie tradition, exp\u00e9rience et innovation \u00e0 la cr\u00e9ativit\u00e9 et \u00e0 la recherche de l\u2019excellence&#8230;.<\/p>\n","protected":false},"author":9,"featured_media":0,"parent":0,"menu_order":0,"comment_status":"closed","ping_status":"closed","template":"page-custom-ownership.php","meta":[],"yoast_head":"<!-- This site is optimized with the Yoast SEO plugin v16.3 - https:\/\/yoast.com\/wordpress\/plugins\/seo\/ -->\n<meta name=\"description\" content=\"Pendant 700 ans, la famille Frescobaldi a uni tradition et savoir-faire au sein du domaine d&#039;Attems. Cr\u00e9ativit\u00e9 et excellence sont au c\u0153ur de leur expertise.\" \/>\n<meta name=\"robots\" content=\"index, follow, max-snippet:-1, max-image-preview:large, max-video-preview:-1\" \/>\n<link rel=\"canonical\" href=\"https:\/\/www.attems.it\/fr\/proprieta\/\" \/>\n<meta property=\"og:locale\" content=\"fr_FR\" \/>\n<meta property=\"og:type\" content=\"article\" \/>\n<meta property=\"og:title\" content=\"Famille Frescobaldi | Propri\u00e9t\u00e9s | Attems\" \/>\n<meta property=\"og:description\" content=\"Pendant 700 ans, la famille Frescobaldi a uni tradition et savoir-faire au sein du domaine d&#039;Attems. Cr\u00e9ativit\u00e9 et excellence sont au c\u0153ur de leur expertise.\" \/>\n<meta property=\"og:url\" content=\"https:\/\/www.attems.it\/fr\/proprieta\/\" \/>\n<meta property=\"og:site_name\" content=\"Attems\" \/>\n<meta property=\"article:modified_time\" content=\"2024-02-09T08:43:53+00:00\" \/>\n<meta name=\"twitter:card\" content=\"summary_large_image\" \/>\n<meta name=\"twitter:label1\" content=\"Dur\u00e9e de lecture est.\">\n\t<meta name=\"twitter:data1\" content=\"1 minute\">\n<script type=\"application\/ld+json\" class=\"yoast-schema-graph\">{\"@context\":\"https:\/\/schema.org\",\"@graph\":[{\"@type\":\"WebSite\",\"@id\":\"https:\/\/www.attems.it\/#website\",\"url\":\"https:\/\/www.attems.it\/\",\"name\":\"Attems\",\"description\":\"Nella storia e nel futuro dei vini del Friuli\",\"potentialAction\":[{\"@type\":\"SearchAction\",\"target\":\"https:\/\/www.attems.it\/?s={search_term_string}\",\"query-input\":\"required name=search_term_string\"}],\"inLanguage\":\"fr-FR\"},{\"@type\":\"WebPage\",\"@id\":\"https:\/\/www.attems.it\/fr\/proprieta\/#webpage\",\"url\":\"https:\/\/www.attems.it\/fr\/proprieta\/\",\"name\":\"Famille Frescobaldi | Propri\\u00e9t\\u00e9s | Attems\",\"isPartOf\":{\"@id\":\"https:\/\/www.attems.it\/#website\"},\"datePublished\":\"2017-03-09T10:15:43+00:00\",\"dateModified\":\"2024-02-09T08:43:53+00:00\",\"description\":\"Pendant 700 ans, la famille Frescobaldi a uni tradition et savoir-faire au sein du domaine d'Attems. Cr\\u00e9ativit\\u00e9 et excellence sont au c\\u0153ur de leur expertise.\",\"breadcrumb\":{\"@id\":\"https:\/\/www.attems.it\/fr\/proprieta\/#breadcrumb\"},\"inLanguage\":\"fr-FR\",\"potentialAction\":[{\"@type\":\"ReadAction\",\"target\":[\"https:\/\/www.attems.it\/fr\/proprieta\/\"]}]},{\"@type\":\"BreadcrumbList\",\"@id\":\"https:\/\/www.attems.it\/fr\/proprieta\/#breadcrumb\",\"itemListElement\":[{\"@type\":\"ListItem\",\"position\":1,\"item\":{\"@type\":\"WebPage\",\"@id\":\"https:\/\/www.attems.it\/fr\/\",\"url\":\"https:\/\/www.attems.it\/fr\/\",\"name\":\"Home\"}},{\"@type\":\"ListItem\",\"position\":2,\"item\":{\"@id\":\"https:\/\/www.attems.it\/fr\/proprieta\/#webpage\"}}]}]}<\/script>\n<!-- \/ Yoast SEO plugin. -->","_links":{"self":[{"href":"https:\/\/www.attems.it\/fr\/wp-json\/wp\/v2\/pages\/10438"}],"collection":[{"href":"https:\/\/www.attems.it\/fr\/wp-json\/wp\/v2\/pages"}],"about":[{"href":"https:\/\/www.attems.it\/fr\/wp-json\/wp\/v2\/types\/page"}],"author":[{"embeddable":true,"href":"https:\/\/www.attems.it\/fr\/wp-json\/wp\/v2\/users\/9"}],"replies":[{"embeddable":true,"href":"https:\/\/www.attems.it\/fr\/wp-json\/wp\/v2\/comments?post=10438"}],"version-history":[{"count":6,"href":"https:\/\/www.attems.it\/fr\/wp-json\/wp\/v2\/pages\/10438\/revisions"}],"predecessor-version":[{"id":12189,"href":"https:\/\/www.attems.it\/fr\/wp-json\/wp\/v2\/pages\/10438\/revisions\/12189"}],"wp:attachment":[{"href":"https:\/\/www.attems.it\/fr\/wp-json\/wp\/v2\/media?parent=10438"}],"curies":[{"name":"wp","href":"https:\/\/api.w.org\/{rel}","templated":true}]}}