{"id":10436,"date":"2015-03-25T13:10:36","date_gmt":"2015-03-25T12:10:36","guid":{"rendered":"https:\/\/www.attems.it\/vini\/"},"modified":"2023-12-20T12:00:48","modified_gmt":"2023-12-20T11:00:48","slug":"les-vins","status":"publish","type":"page","link":"https:\/\/www.attems.it\/fr\/les-vins\/","title":{"rendered":"Les Vins"},"content":{"rendered":"<p>Dans le Collio, Attems produit des vins frioulans de caract\u00e8re, frais, savoureux et \u00e9l\u00e9gants, qui refl\u00e8tent les caract\u00e9ristiques du terroir.<\/p>\n","protected":false},"excerpt":{"rendered":"<p>Dans le Collio, Attems produit des vins frioulans de caract\u00e8re, frais, savoureux et \u00e9l\u00e9gants, qui refl\u00e8tent les caract\u00e9ristiques du terroir.<\/p>\n","protected":false},"author":9,"featured_media":0,"parent":0,"menu_order":0,"comment_status":"open","ping_status":"open","template":"page-custom-vini.php","meta":[],"yoast_head":"<!-- This site is optimized with the Yoast SEO plugin v16.3 - https:\/\/yoast.com\/wordpress\/plugins\/seo\/ -->\n<meta name=\"description\" content=\"Attems produit des vins du Frioul qui refl\u00e8tent l&#039;essence de la r\u00e9gion. D\u00e9couvrez les vins du Collio, leurs caract\u00e9ristiques uniques et leurs accords parfaits.\" \/>\n<meta name=\"robots\" content=\"index, follow, max-snippet:-1, max-image-preview:large, max-video-preview:-1\" \/>\n<link rel=\"canonical\" href=\"https:\/\/www.attems.it\/fr\/les-vins\/\" \/>\n<meta property=\"og:locale\" content=\"fr_FR\" \/>\n<meta property=\"og:type\" content=\"article\" \/>\n<meta property=\"og:title\" content=\"Collio vins Friuli | Vins du Frioul | Attems\" \/>\n<meta property=\"og:description\" content=\"Attems produit des vins du Frioul qui refl\u00e8tent l&#039;essence de la r\u00e9gion. D\u00e9couvrez les vins du Collio, leurs caract\u00e9ristiques uniques et leurs accords parfaits.\" \/>\n<meta property=\"og:url\" content=\"https:\/\/www.attems.it\/fr\/les-vins\/\" \/>\n<meta property=\"og:site_name\" content=\"Attems\" \/>\n<meta property=\"article:modified_time\" content=\"2023-12-20T11:00:48+00:00\" \/>\n<meta name=\"twitter:card\" content=\"summary_large_image\" \/>\n<meta name=\"twitter:label1\" content=\"Dur\u00e9e de lecture est.\">\n\t<meta name=\"twitter:data1\" content=\"1 minute\">\n<script type=\"application\/ld+json\" class=\"yoast-schema-graph\">{\"@context\":\"https:\/\/schema.org\",\"@graph\":[{\"@type\":\"WebSite\",\"@id\":\"https:\/\/www.attems.it\/#website\",\"url\":\"https:\/\/www.attems.it\/\",\"name\":\"Attems\",\"description\":\"Nella storia e nel futuro dei vini del Friuli\",\"potentialAction\":[{\"@type\":\"SearchAction\",\"target\":\"https:\/\/www.attems.it\/?s={search_term_string}\",\"query-input\":\"required name=search_term_string\"}],\"inLanguage\":\"fr-FR\"},{\"@type\":\"WebPage\",\"@id\":\"https:\/\/www.attems.it\/fr\/les-vins\/#webpage\",\"url\":\"https:\/\/www.attems.it\/fr\/les-vins\/\",\"name\":\"Collio vins Friuli | Vins du Frioul | Attems\",\"isPartOf\":{\"@id\":\"https:\/\/www.attems.it\/#website\"},\"datePublished\":\"2015-03-25T12:10:36+00:00\",\"dateModified\":\"2023-12-20T11:00:48+00:00\",\"description\":\"Attems produit des vins du Frioul qui refl\\u00e8tent l'essence de la r\\u00e9gion. D\\u00e9couvrez les vins du Collio, leurs caract\\u00e9ristiques uniques et leurs accords parfaits.\",\"breadcrumb\":{\"@id\":\"https:\/\/www.attems.it\/fr\/les-vins\/#breadcrumb\"},\"inLanguage\":\"fr-FR\",\"potentialAction\":[{\"@type\":\"ReadAction\",\"target\":[\"https:\/\/www.attems.it\/fr\/les-vins\/\"]}]},{\"@type\":\"BreadcrumbList\",\"@id\":\"https:\/\/www.attems.it\/fr\/les-vins\/#breadcrumb\",\"itemListElement\":[{\"@type\":\"ListItem\",\"position\":1,\"item\":{\"@type\":\"WebPage\",\"@id\":\"https:\/\/www.attems.it\/fr\/\",\"url\":\"https:\/\/www.attems.it\/fr\/\",\"name\":\"Home\"}},{\"@type\":\"ListItem\",\"position\":2,\"item\":{\"@id\":\"https:\/\/www.attems.it\/fr\/les-vins\/#webpage\"}}]}]}<\/script>\n<!-- \/ Yoast SEO plugin. -->","_links":{"self":[{"href":"https:\/\/www.attems.it\/fr\/wp-json\/wp\/v2\/pages\/10436"}],"collection":[{"href":"https:\/\/www.attems.it\/fr\/wp-json\/wp\/v2\/pages"}],"about":[{"href":"https:\/\/www.attems.it\/fr\/wp-json\/wp\/v2\/types\/page"}],"author":[{"embeddable":true,"href":"https:\/\/www.attems.it\/fr\/wp-json\/wp\/v2\/users\/9"}],"replies":[{"embeddable":true,"href":"https:\/\/www.attems.it\/fr\/wp-json\/wp\/v2\/comments?post=10436"}],"version-history":[{"count":4,"href":"https:\/\/www.attems.it\/fr\/wp-json\/wp\/v2\/pages\/10436\/revisions"}],"predecessor-version":[{"id":10667,"href":"https:\/\/www.attems.it\/fr\/wp-json\/wp\/v2\/pages\/10436\/revisions\/10667"}],"wp:attachment":[{"href":"https:\/\/www.attems.it\/fr\/wp-json\/wp\/v2\/media?parent=10436"}],"curies":[{"name":"wp","href":"https:\/\/api.w.org\/{rel}","templated":true}]}}