{"id":10430,"date":"2015-04-27T16:31:55","date_gmt":"2015-04-27T14:31:55","guid":{"rendered":"https:\/\/www.attems.it\/download\/"},"modified":"2026-03-11T16:17:26","modified_gmt":"2026-03-11T15:17:26","slug":"download","status":"publish","type":"page","link":"https:\/\/www.attems.it\/fr\/download\/","title":{"rendered":"T\u00c9L\u00c9CHARGEMENTS"},"content":{"rendered":"<p>Dans cette rubrique, vous pouvez t\u00e9l\u00e9charger les \u00e9tiquettes, les photos des bouteilles et autres supports marketing destin\u00e9s \u00e0 nos clients.<\/p>\n","protected":false},"excerpt":{"rendered":"<p>Dans cette rubrique, vous pouvez t\u00e9l\u00e9charger les \u00e9tiquettes, les photos des bouteilles et autres supports marketing destin\u00e9s \u00e0 nos clients.<\/p>\n","protected":false},"author":9,"featured_media":0,"parent":0,"menu_order":0,"comment_status":"open","ping_status":"open","template":"page-custom-download.php","meta":[],"yoast_head":"<!-- This site is optimized with the Yoast SEO plugin v16.3 - https:\/\/yoast.com\/wordpress\/plugins\/seo\/ -->\n<meta name=\"description\" content=\"Scopri subito tutti i vini del Friuli della cantina Attems. Scegli il vino e scarica la scheda tecnica.\" \/>\n<meta name=\"robots\" content=\"index, follow, max-snippet:-1, max-image-preview:large, max-video-preview:-1\" \/>\n<link rel=\"canonical\" href=\"https:\/\/www.attems.it\/fr\/download\/\" \/>\n<meta property=\"og:locale\" content=\"fr_FR\" \/>\n<meta property=\"og:type\" content=\"article\" \/>\n<meta property=\"og:title\" content=\"Vini del Friuli | Download Vini Attems\" \/>\n<meta property=\"og:description\" content=\"Scopri subito tutti i vini del Friuli della cantina Attems. Scegli il vino e scarica la scheda tecnica.\" \/>\n<meta property=\"og:url\" content=\"https:\/\/www.attems.it\/fr\/download\/\" \/>\n<meta property=\"og:site_name\" content=\"Attems\" \/>\n<meta property=\"article:modified_time\" content=\"2026-03-11T15:17:26+00:00\" \/>\n<meta name=\"twitter:card\" content=\"summary_large_image\" \/>\n<meta name=\"twitter:label1\" content=\"Dur\u00e9e de lecture est.\">\n\t<meta name=\"twitter:data1\" content=\"1 minute\">\n<script type=\"application\/ld+json\" class=\"yoast-schema-graph\">{\"@context\":\"https:\/\/schema.org\",\"@graph\":[{\"@type\":\"WebSite\",\"@id\":\"https:\/\/www.attems.it\/#website\",\"url\":\"https:\/\/www.attems.it\/\",\"name\":\"Attems\",\"description\":\"Nella storia e nel futuro dei vini del Friuli\",\"potentialAction\":[{\"@type\":\"SearchAction\",\"target\":\"https:\/\/www.attems.it\/?s={search_term_string}\",\"query-input\":\"required name=search_term_string\"}],\"inLanguage\":\"fr-FR\"},{\"@type\":\"WebPage\",\"@id\":\"https:\/\/www.attems.it\/fr\/download\/#webpage\",\"url\":\"https:\/\/www.attems.it\/fr\/download\/\",\"name\":\"Vini del Friuli | Download Vini Attems\",\"isPartOf\":{\"@id\":\"https:\/\/www.attems.it\/#website\"},\"datePublished\":\"2015-04-27T14:31:55+00:00\",\"dateModified\":\"2026-03-11T15:17:26+00:00\",\"description\":\"Scopri subito tutti i vini del Friuli della cantina Attems. Scegli il vino e scarica la scheda tecnica.\",\"breadcrumb\":{\"@id\":\"https:\/\/www.attems.it\/fr\/download\/#breadcrumb\"},\"inLanguage\":\"fr-FR\",\"potentialAction\":[{\"@type\":\"ReadAction\",\"target\":[\"https:\/\/www.attems.it\/fr\/download\/\"]}]},{\"@type\":\"BreadcrumbList\",\"@id\":\"https:\/\/www.attems.it\/fr\/download\/#breadcrumb\",\"itemListElement\":[{\"@type\":\"ListItem\",\"position\":1,\"item\":{\"@type\":\"WebPage\",\"@id\":\"https:\/\/www.attems.it\/fr\/\",\"url\":\"https:\/\/www.attems.it\/fr\/\",\"name\":\"Home\"}},{\"@type\":\"ListItem\",\"position\":2,\"item\":{\"@id\":\"https:\/\/www.attems.it\/fr\/download\/#webpage\"}}]}]}<\/script>\n<!-- \/ Yoast SEO plugin. -->","_links":{"self":[{"href":"https:\/\/www.attems.it\/fr\/wp-json\/wp\/v2\/pages\/10430"}],"collection":[{"href":"https:\/\/www.attems.it\/fr\/wp-json\/wp\/v2\/pages"}],"about":[{"href":"https:\/\/www.attems.it\/fr\/wp-json\/wp\/v2\/types\/page"}],"author":[{"embeddable":true,"href":"https:\/\/www.attems.it\/fr\/wp-json\/wp\/v2\/users\/9"}],"replies":[{"embeddable":true,"href":"https:\/\/www.attems.it\/fr\/wp-json\/wp\/v2\/comments?post=10430"}],"version-history":[{"count":30,"href":"https:\/\/www.attems.it\/fr\/wp-json\/wp\/v2\/pages\/10430\/revisions"}],"predecessor-version":[{"id":13141,"href":"https:\/\/www.attems.it\/fr\/wp-json\/wp\/v2\/pages\/10430\/revisions\/13141"}],"wp:attachment":[{"href":"https:\/\/www.attems.it\/fr\/wp-json\/wp\/v2\/media?parent=10430"}],"curies":[{"name":"wp","href":"https:\/\/api.w.org\/{rel}","templated":true}]}}