{"id":10419,"date":"2015-04-23T13:00:50","date_gmt":"2015-04-23T11:00:50","guid":{"rendered":"https:\/\/www.attems.it\/produzione\/"},"modified":"2023-12-20T12:03:17","modified_gmt":"2023-12-20T11:03:17","slug":"production","status":"publish","type":"page","link":"https:\/\/www.attems.it\/fr\/azienda\/production\/","title":{"rendered":"Production"},"content":{"rendered":"<p>Les vins Attems sont l\u2019expression du Frioul\u00a0: de la vigne \u00e0 la cave, aucune intervention ne vient rompre l\u2019\u00e9quilibre des \u00e9l\u00e9ments du terroir.<br \/>\nLa date des vendanges est d\u00e9cid\u00e9e en fonction de l&rsquo;exposition du vignoble, du type de raisin et des caract\u00e9ristiques aromatiques et gustatives des vins que nous souhaitons obtenir\u00a0: chaque vignoble a ses sp\u00e9cificit\u00e9s qui doivent \u00eatre mises en valeur au bon moment.<\/p>\n<p>La cave Attems est con\u00e7ue pour garantir le respect de l&rsquo;int\u00e9grit\u00e9 des grappes, amen\u00e9es ici imm\u00e9diatement apr\u00e8s la r\u00e9colte afin de pr\u00e9server leur profil aromatique. Chaque \u00e9tape de la vinification, de la fermentation \u00e0 l\u2019\u00e9levage, vise \u00e0 sublimer la richesse des ar\u00f4mes, la complexit\u00e9 des saveurs, l\u2019\u00e9l\u00e9gance et la persistance des vins.<\/p>\n<p>La vinification commence par la r\u00e9colte des raisins, parcelle par parcelle. Les raisins sont ensuite d\u00e9vers\u00e9s dans des tr\u00e9mies pour garantir le respect de l\u2019int\u00e9grit\u00e9 des grappes avant les \u00e9tapes de pressurage et de mac\u00e9ration qui se d\u00e9roulent selon des techniques qui limitent le contact avec l\u2019oxyg\u00e8ne.<br \/>\nL\u2019objectif est de pr\u00e9server au maximum les qualit\u00e9s aromatiques de chaque c\u00e9page. La fermentation, \u00e0 temp\u00e9rature contr\u00f4l\u00e9e et \u00e0 dur\u00e9e variable selon les c\u00e9pages, permet d\u2019obtenir le juste degr\u00e9 de complexit\u00e9.<\/p>\n<p>Pour le vin Cicinis, et pour lui seulement, la fermentation et l\u2019\u00e9levage ont lieu dans des cuves ovo\u00efdes en b\u00e9ton qui favorisent des mouvements de convection g\u00e9n\u00e9r\u00e9s par les diff\u00e9rences de temp\u00e9ratures \u00e0 l\u2019int\u00e9rieur de la cuve. Ces mouvements, combin\u00e9s \u00e0 la microporosit\u00e9 du mat\u00e9riau, font remonter les levures pr\u00e9sentes au fond de la cuve. Cela permet d\u2019obtenir une plus grande complexit\u00e9 et une plus grande finesse du vin. Certains c\u00e9pages, comme le chardonnay et le pinot grigio, sont partiellement \u00e9lev\u00e9s en barriques.<\/p>\n","protected":false},"excerpt":{"rendered":"<p>Les vins Attems sont l\u2019expression du Frioul\u00a0: de la vigne \u00e0 la cave, aucune intervention ne vient rompre l\u2019\u00e9quilibre des&#8230;<\/p>\n","protected":false},"author":9,"featured_media":0,"parent":10532,"menu_order":0,"comment_status":"open","ping_status":"open","template":"page-custom-istituzionale.php","meta":[],"yoast_head":"<!-- This site is optimized with the Yoast SEO plugin v16.3 - https:\/\/yoast.com\/wordpress\/plugins\/seo\/ -->\n<meta name=\"description\" content=\"Les vins Friuli d&#039;Attems sont soigneusement \u00e9labor\u00e9s, pr\u00e9servant ainsi l&#039;\u00e9quilibre des diff\u00e9rents \u00e9l\u00e9ments. Plongez dans un processus de cr\u00e9ation unique.\" \/>\n<meta name=\"robots\" content=\"index, follow, max-snippet:-1, max-image-preview:large, max-video-preview:-1\" \/>\n<link rel=\"canonical\" href=\"https:\/\/www.attems.it\/fr\/azienda\/production\/\" \/>\n<meta property=\"og:locale\" content=\"fr_FR\" \/>\n<meta property=\"og:type\" content=\"article\" \/>\n<meta property=\"og:title\" content=\"Vins Friuli Venezia Giulia | Production | Attems\" \/>\n<meta property=\"og:description\" content=\"Les vins Friuli d&#039;Attems sont soigneusement \u00e9labor\u00e9s, pr\u00e9servant ainsi l&#039;\u00e9quilibre des diff\u00e9rents \u00e9l\u00e9ments. Plongez dans un processus de cr\u00e9ation unique.\" \/>\n<meta property=\"og:url\" content=\"https:\/\/www.attems.it\/fr\/azienda\/production\/\" \/>\n<meta property=\"og:site_name\" content=\"Attems\" \/>\n<meta property=\"article:modified_time\" content=\"2023-12-20T11:03:17+00:00\" \/>\n<meta name=\"twitter:card\" content=\"summary_large_image\" \/>\n<meta name=\"twitter:label1\" content=\"Dur\u00e9e de lecture est.\">\n\t<meta name=\"twitter:data1\" content=\"2 minutes\">\n<script type=\"application\/ld+json\" class=\"yoast-schema-graph\">{\"@context\":\"https:\/\/schema.org\",\"@graph\":[{\"@type\":\"WebSite\",\"@id\":\"https:\/\/www.attems.it\/#website\",\"url\":\"https:\/\/www.attems.it\/\",\"name\":\"Attems\",\"description\":\"Nella storia e nel futuro dei vini del Friuli\",\"potentialAction\":[{\"@type\":\"SearchAction\",\"target\":\"https:\/\/www.attems.it\/?s={search_term_string}\",\"query-input\":\"required name=search_term_string\"}],\"inLanguage\":\"fr-FR\"},{\"@type\":\"WebPage\",\"@id\":\"https:\/\/www.attems.it\/fr\/azienda\/production\/#webpage\",\"url\":\"https:\/\/www.attems.it\/fr\/azienda\/production\/\",\"name\":\"Vins Friuli Venezia Giulia | Production | Attems\",\"isPartOf\":{\"@id\":\"https:\/\/www.attems.it\/#website\"},\"datePublished\":\"2015-04-23T11:00:50+00:00\",\"dateModified\":\"2023-12-20T11:03:17+00:00\",\"description\":\"Les vins Friuli d'Attems sont soigneusement \\u00e9labor\\u00e9s, pr\\u00e9servant ainsi l'\\u00e9quilibre des diff\\u00e9rents \\u00e9l\\u00e9ments. Plongez dans un processus de cr\\u00e9ation unique.\",\"breadcrumb\":{\"@id\":\"https:\/\/www.attems.it\/fr\/azienda\/production\/#breadcrumb\"},\"inLanguage\":\"fr-FR\",\"potentialAction\":[{\"@type\":\"ReadAction\",\"target\":[\"https:\/\/www.attems.it\/fr\/azienda\/production\/\"]}]},{\"@type\":\"BreadcrumbList\",\"@id\":\"https:\/\/www.attems.it\/fr\/azienda\/production\/#breadcrumb\",\"itemListElement\":[{\"@type\":\"ListItem\",\"position\":1,\"item\":{\"@type\":\"WebPage\",\"@id\":\"https:\/\/www.attems.it\/fr\/\",\"url\":\"https:\/\/www.attems.it\/fr\/\",\"name\":\"Home\"}},{\"@type\":\"ListItem\",\"position\":2,\"item\":{\"@type\":\"WebPage\",\"@id\":\"https:\/\/www.attems.it\/fr\/azienda\/\",\"url\":\"https:\/\/www.attems.it\/fr\/azienda\/\",\"name\":\"Azienda\"}},{\"@type\":\"ListItem\",\"position\":3,\"item\":{\"@id\":\"https:\/\/www.attems.it\/fr\/azienda\/production\/#webpage\"}}]}]}<\/script>\n<!-- \/ Yoast SEO plugin. -->","_links":{"self":[{"href":"https:\/\/www.attems.it\/fr\/wp-json\/wp\/v2\/pages\/10419"}],"collection":[{"href":"https:\/\/www.attems.it\/fr\/wp-json\/wp\/v2\/pages"}],"about":[{"href":"https:\/\/www.attems.it\/fr\/wp-json\/wp\/v2\/types\/page"}],"author":[{"embeddable":true,"href":"https:\/\/www.attems.it\/fr\/wp-json\/wp\/v2\/users\/9"}],"replies":[{"embeddable":true,"href":"https:\/\/www.attems.it\/fr\/wp-json\/wp\/v2\/comments?post=10419"}],"version-history":[{"count":4,"href":"https:\/\/www.attems.it\/fr\/wp-json\/wp\/v2\/pages\/10419\/revisions"}],"predecessor-version":[{"id":10673,"href":"https:\/\/www.attems.it\/fr\/wp-json\/wp\/v2\/pages\/10419\/revisions\/10673"}],"up":[{"embeddable":true,"href":"https:\/\/www.attems.it\/fr\/wp-json\/wp\/v2\/pages\/10532"}],"wp:attachment":[{"href":"https:\/\/www.attems.it\/fr\/wp-json\/wp\/v2\/media?parent=10419"}],"curies":[{"name":"wp","href":"https:\/\/api.w.org\/{rel}","templated":true}]}}