{"id":10416,"date":"2015-04-21T15:48:32","date_gmt":"2015-04-21T13:48:32","guid":{"rendered":"https:\/\/www.attems.it\/azienda\/"},"modified":"2023-12-20T14:20:19","modified_gmt":"2023-12-20T13:20:19","slug":"le-domaine-et-son-histoire","status":"publish","type":"page","link":"https:\/\/www.attems.it\/fr\/azienda\/le-domaine-et-son-histoire\/","title":{"rendered":"Le domaine et son histoire"},"content":{"rendered":"<p>Attems est un nom qui \u00e9voque l\u2019histoire du vin dans le Frioul-V\u00e9n\u00e9tie Julienne. En effet, le premier document attestant la possession par la dynastie Attems de terres propices \u00e0 la viticulture dans le Collio date de 1106 et la production de ribolla gialla et de refosco est consign\u00e9e dans les registres en 1764.<\/p>\n<p>Cette tradition mill\u00e9naire a fait du domaine une r\u00e9f\u00e9rence sur le territoire et a vu le comte Douglas Attems jouer un r\u00f4le de premier plan\u00a0: c\u2019est \u00e0 lui que revient le m\u00e9rite d\u2019avoir fond\u00e9, en 1964, le Consorzio dei Vini del Collio (consortium des vins du Collio), le troisi\u00e8me en Italie et le premier dans la r\u00e9gion du Frioul.<\/p>\n<p>L\u2019histoire d\u2019Attems est donc intimement li\u00e9e \u00e0 l\u2019histoire\u00a0: du patriarcat d\u2019Aquil\u00e9e au comt\u00e9 de Gorizia, de la Premi\u00e8re Guerre mondiale \u00e0 nos jours. Propri\u00e9t\u00e9 de la famille Frescobaldi depuis 2000, Attems est le symbole d\u2019un pass\u00e9 fascinant, d\u2019un pr\u00e9sent solide et d\u2019un avenir innovant.<\/p>\n<p>Depuis 2000, Attems appartient \u00e0 la famille Frescobaldi, qui continue \u00e0 diriger le domaine dans le respect de ses sp\u00e9cificit\u00e9s.<\/p>\n","protected":false},"excerpt":{"rendered":"<p>Attems est un nom qui \u00e9voque l\u2019histoire du vin dans le Frioul-V\u00e9n\u00e9tie Julienne. En effet, le premier document attestant la&#8230;<\/p>\n","protected":false},"author":9,"featured_media":0,"parent":10532,"menu_order":0,"comment_status":"open","ping_status":"open","template":"page-custom-istituzionale.php","meta":[],"yoast_head":"<!-- This site is optimized with the Yoast SEO plugin v16.3 - https:\/\/yoast.com\/wordpress\/plugins\/seo\/ -->\n<meta name=\"description\" content=\"Attems, un domaine viticole italien nich\u00e9 dans la r\u00e9gion du Frioul, cultive l&#039;excellence. D\u00e9couvrez son histoire et explorez les c\u00e9l\u00e8bres caves \u00e0 vin du Collio.\" \/>\n<meta name=\"robots\" content=\"index, follow, max-snippet:-1, max-image-preview:large, max-video-preview:-1\" \/>\n<link rel=\"canonical\" href=\"https:\/\/www.attems.it\/fr\/azienda\/le-domaine-et-son-histoire\/\" \/>\n<meta property=\"og:locale\" content=\"fr_FR\" \/>\n<meta property=\"og:type\" content=\"article\" \/>\n<meta property=\"og:title\" content=\"Histoire du vin Friuli | Vignoble italien | Attems\" \/>\n<meta property=\"og:description\" content=\"Attems, un domaine viticole italien nich\u00e9 dans la r\u00e9gion du Frioul, cultive l&#039;excellence. D\u00e9couvrez son histoire et explorez les c\u00e9l\u00e8bres caves \u00e0 vin du Collio.\" \/>\n<meta property=\"og:url\" content=\"https:\/\/www.attems.it\/fr\/azienda\/le-domaine-et-son-histoire\/\" \/>\n<meta property=\"og:site_name\" content=\"Attems\" \/>\n<meta property=\"article:modified_time\" content=\"2023-12-20T13:20:19+00:00\" \/>\n<meta name=\"twitter:card\" content=\"summary_large_image\" \/>\n<meta name=\"twitter:label1\" content=\"Dur\u00e9e de lecture est.\">\n\t<meta name=\"twitter:data1\" content=\"1 minute\">\n<script type=\"application\/ld+json\" class=\"yoast-schema-graph\">{\"@context\":\"https:\/\/schema.org\",\"@graph\":[{\"@type\":\"WebSite\",\"@id\":\"https:\/\/www.attems.it\/#website\",\"url\":\"https:\/\/www.attems.it\/\",\"name\":\"Attems\",\"description\":\"Nella storia e nel futuro dei vini del Friuli\",\"potentialAction\":[{\"@type\":\"SearchAction\",\"target\":\"https:\/\/www.attems.it\/?s={search_term_string}\",\"query-input\":\"required name=search_term_string\"}],\"inLanguage\":\"fr-FR\"},{\"@type\":\"WebPage\",\"@id\":\"https:\/\/www.attems.it\/fr\/azienda\/le-domaine-et-son-histoire\/#webpage\",\"url\":\"https:\/\/www.attems.it\/fr\/azienda\/le-domaine-et-son-histoire\/\",\"name\":\"Histoire du vin Friuli | Vignoble italien | Attems\",\"isPartOf\":{\"@id\":\"https:\/\/www.attems.it\/#website\"},\"datePublished\":\"2015-04-21T13:48:32+00:00\",\"dateModified\":\"2023-12-20T13:20:19+00:00\",\"description\":\"Attems, un domaine viticole italien nich\\u00e9 dans la r\\u00e9gion du Frioul, cultive l'excellence. D\\u00e9couvrez son histoire et explorez les c\\u00e9l\\u00e8bres caves \\u00e0 vin du Collio.\",\"breadcrumb\":{\"@id\":\"https:\/\/www.attems.it\/fr\/azienda\/le-domaine-et-son-histoire\/#breadcrumb\"},\"inLanguage\":\"fr-FR\",\"potentialAction\":[{\"@type\":\"ReadAction\",\"target\":[\"https:\/\/www.attems.it\/fr\/azienda\/le-domaine-et-son-histoire\/\"]}]},{\"@type\":\"BreadcrumbList\",\"@id\":\"https:\/\/www.attems.it\/fr\/azienda\/le-domaine-et-son-histoire\/#breadcrumb\",\"itemListElement\":[{\"@type\":\"ListItem\",\"position\":1,\"item\":{\"@type\":\"WebPage\",\"@id\":\"https:\/\/www.attems.it\/fr\/\",\"url\":\"https:\/\/www.attems.it\/fr\/\",\"name\":\"Home\"}},{\"@type\":\"ListItem\",\"position\":2,\"item\":{\"@type\":\"WebPage\",\"@id\":\"https:\/\/www.attems.it\/fr\/azienda\/\",\"url\":\"https:\/\/www.attems.it\/fr\/azienda\/\",\"name\":\"Azienda\"}},{\"@type\":\"ListItem\",\"position\":3,\"item\":{\"@id\":\"https:\/\/www.attems.it\/fr\/azienda\/le-domaine-et-son-histoire\/#webpage\"}}]}]}<\/script>\n<!-- \/ Yoast SEO plugin. -->","_links":{"self":[{"href":"https:\/\/www.attems.it\/fr\/wp-json\/wp\/v2\/pages\/10416"}],"collection":[{"href":"https:\/\/www.attems.it\/fr\/wp-json\/wp\/v2\/pages"}],"about":[{"href":"https:\/\/www.attems.it\/fr\/wp-json\/wp\/v2\/types\/page"}],"author":[{"embeddable":true,"href":"https:\/\/www.attems.it\/fr\/wp-json\/wp\/v2\/users\/9"}],"replies":[{"embeddable":true,"href":"https:\/\/www.attems.it\/fr\/wp-json\/wp\/v2\/comments?post=10416"}],"version-history":[{"count":4,"href":"https:\/\/www.attems.it\/fr\/wp-json\/wp\/v2\/pages\/10416\/revisions"}],"predecessor-version":[{"id":10671,"href":"https:\/\/www.attems.it\/fr\/wp-json\/wp\/v2\/pages\/10416\/revisions\/10671"}],"up":[{"embeddable":true,"href":"https:\/\/www.attems.it\/fr\/wp-json\/wp\/v2\/pages\/10532"}],"wp:attachment":[{"href":"https:\/\/www.attems.it\/fr\/wp-json\/wp\/v2\/media?parent=10416"}],"curies":[{"name":"wp","href":"https:\/\/api.w.org\/{rel}","templated":true}]}}