{"id":6786,"date":"2017-03-09T11:15:43","date_gmt":"2017-03-09T10:15:43","guid":{"rendered":"http:\/\/www.attems.it\/?page_id=6786\/"},"modified":"2023-12-20T11:36:59","modified_gmt":"2023-12-20T10:36:59","slug":"proprieta","status":"publish","type":"page","link":"https:\/\/www.attems.it\/en\/proprieta\/","title":{"rendered":"Propriet\u00e0"},"content":{"rendered":"<p class=\"p1\">Per 700 anni la famiglia <strong>Frescobaldi<\/strong> ha unito tradizione, esperienza e innovazione alla creativit\u00e0 e ricerca dell\u2019eccellenza.<\/p>\n<p class=\"p1\">La famiglia ha sempre cercato di sviluppare e celebrare le diversit\u00e0 del terroir toscano. Essendo orgogliosi possessori di alcuni dei maggiori vigneti della regione, hanno sempre cercato di mantenere l\u2019identit\u00e0 e l\u2019autonomia di ogni propriet\u00e0.<\/p>\n<p class=\"p1\"><strong>Attems<\/strong> \u00e8 una delle pi\u00f9 antiche tenute in Friuli e ha raggiunto il fiore del suo sviluppo sotto la propriet\u00e0 della famiglia Frescobaldi.<\/p>\n<p class=\"p1\"><strong>Attems<\/strong> \u00e8 una delle tenute appartenenti alla famiglia, insieme a Ornellaia, Masseto, Danzante, Luce della Vite e le sei tenute Frescobaldi Nipozzano, CastelGiocondo, Pomino, Ammiraglia, Castiglioni e Remole.<\/p>\n","protected":false},"excerpt":{"rendered":"<p>Per 700 anni la famiglia Frescobaldi ha unito tradizione, esperienza e innovazione alla creativit\u00e0 e ricerca dell\u2019eccellenza. La famiglia ha&#8230;<\/p>\n","protected":false},"author":9,"featured_media":0,"parent":0,"menu_order":0,"comment_status":"closed","ping_status":"closed","template":"page-custom-ownership.php","meta":[],"yoast_head":"<!-- This site is optimized with the Yoast SEO plugin v16.3 - https:\/\/yoast.com\/wordpress\/plugins\/seo\/ -->\n<meta name=\"description\" content=\"Attems, tenuta friulana appartenente a Frescobaldi, ha raggiunto il fiore del suo sviluppo sotto la propriet\u00e0 della Famiglia. Scopri di pi\u00f9.\" \/>\n<meta name=\"robots\" content=\"index, follow, max-snippet:-1, max-image-preview:large, max-video-preview:-1\" \/>\n<link rel=\"canonical\" href=\"https:\/\/www.attems.it\/en\/proprieta\/\" \/>\n<meta property=\"og:locale\" content=\"en_US\" \/>\n<meta property=\"og:type\" content=\"article\" \/>\n<meta property=\"og:title\" content=\"Famiglia Frescobaldi | Propriet\u00e0 | Attems\" \/>\n<meta property=\"og:description\" content=\"Attems, tenuta friulana appartenente a Frescobaldi, ha raggiunto il fiore del suo sviluppo sotto la propriet\u00e0 della Famiglia. Scopri di pi\u00f9.\" \/>\n<meta property=\"og:url\" content=\"https:\/\/www.attems.it\/proprieta\/\" \/>\n<meta property=\"og:site_name\" content=\"Attems\" \/>\n<meta property=\"article:modified_time\" content=\"2023-12-20T10:36:59+00:00\" \/>\n<meta name=\"twitter:card\" content=\"summary_large_image\" \/>\n<meta name=\"twitter:label1\" content=\"Est. reading time\">\n\t<meta name=\"twitter:data1\" content=\"1 minute\">\n<script type=\"application\/ld+json\" class=\"yoast-schema-graph\">{\"@context\":\"https:\/\/schema.org\",\"@graph\":[{\"@type\":\"WebSite\",\"@id\":\"https:\/\/www.attems.it\/#website\",\"url\":\"https:\/\/www.attems.it\/\",\"name\":\"Attems\",\"description\":\"Nella storia e nel futuro dei vini del Friuli\",\"potentialAction\":[{\"@type\":\"SearchAction\",\"target\":\"https:\/\/www.attems.it\/?s={search_term_string}\",\"query-input\":\"required name=search_term_string\"}],\"inLanguage\":\"en-US\"},{\"@type\":\"WebPage\",\"@id\":\"https:\/\/www.attems.it\/proprieta\/#webpage\",\"url\":\"https:\/\/www.attems.it\/proprieta\/\",\"name\":\"Famiglia Frescobaldi | Propriet\\u00e0 | Attems\",\"isPartOf\":{\"@id\":\"https:\/\/www.attems.it\/#website\"},\"datePublished\":\"2017-03-09T10:15:43+00:00\",\"dateModified\":\"2023-12-20T10:36:59+00:00\",\"description\":\"Attems, tenuta friulana appartenente a Frescobaldi, ha raggiunto il fiore del suo sviluppo sotto la propriet\\u00e0 della Famiglia. Scopri di pi\\u00f9.\",\"breadcrumb\":{\"@id\":\"https:\/\/www.attems.it\/proprieta\/#breadcrumb\"},\"inLanguage\":\"en-US\",\"potentialAction\":[{\"@type\":\"ReadAction\",\"target\":[\"https:\/\/www.attems.it\/proprieta\/\"]}]},{\"@type\":\"BreadcrumbList\",\"@id\":\"https:\/\/www.attems.it\/proprieta\/#breadcrumb\",\"itemListElement\":[{\"@type\":\"ListItem\",\"position\":1,\"item\":{\"@type\":\"WebPage\",\"@id\":\"https:\/\/www.attems.it\/en\/\",\"url\":\"https:\/\/www.attems.it\/en\/\",\"name\":\"Home\"}},{\"@type\":\"ListItem\",\"position\":2,\"item\":{\"@id\":\"https:\/\/www.attems.it\/proprieta\/#webpage\"}}]}]}<\/script>\n<!-- \/ Yoast SEO plugin. -->","_links":{"self":[{"href":"https:\/\/www.attems.it\/en\/wp-json\/wp\/v2\/pages\/6786"}],"collection":[{"href":"https:\/\/www.attems.it\/en\/wp-json\/wp\/v2\/pages"}],"about":[{"href":"https:\/\/www.attems.it\/en\/wp-json\/wp\/v2\/types\/page"}],"author":[{"embeddable":true,"href":"https:\/\/www.attems.it\/en\/wp-json\/wp\/v2\/users\/9"}],"replies":[{"embeddable":true,"href":"https:\/\/www.attems.it\/en\/wp-json\/wp\/v2\/comments?post=6786"}],"version-history":[{"count":4,"href":"https:\/\/www.attems.it\/en\/wp-json\/wp\/v2\/pages\/6786\/revisions"}],"predecessor-version":[{"id":7337,"href":"https:\/\/www.attems.it\/en\/wp-json\/wp\/v2\/pages\/6786\/revisions\/7337"}],"wp:attachment":[{"href":"https:\/\/www.attems.it\/en\/wp-json\/wp\/v2\/media?parent=6786"}],"curies":[{"name":"wp","href":"https:\/\/api.w.org\/{rel}","templated":true}]}}