{"id":4802,"date":"2015-04-23T13:00:50","date_gmt":"2015-04-23T11:00:50","guid":{"rendered":"http:\/\/areatest.attems.it\/?page_id=4802"},"modified":"2023-12-20T11:33:02","modified_gmt":"2023-12-20T10:33:02","slug":"produzione","status":"publish","type":"page","link":"https:\/\/www.attems.it\/en\/azienda\/produzione\/","title":{"rendered":"Produzione"},"content":{"rendered":"<p>I <a href=\"https:\/\/www.attems.it\">vini del friuli<\/a>\u00a0Attems sono espressione del territorio: nessun intervento, dalla vigna alla cantina, che possa spezzare l\u2019equilibrio degli elementi del terroir.<br \/>\nIl tempo della vendemmia \u00e8 deciso in base all\u2019esposizione del vigneto, alle uve e alle caratteristiche aromatiche e di gusto dei vini che desideriamo ottenere: ad ogni area vitata il suo momento per valorizzarne le peculiarit\u00e0.<\/p>\n<p>La cantina Attems \u00e8 stata concepita per garantire integrit\u00e0 e rispetto dei grappoli, che qui sono conferiti immediatamente dopo la raccolta per preservarne il bagaglio aromatico. Ogni fase di lavorazione, dalla fermentazione all\u2019affinamento, mira a esaltare nei vini la grande ricchezza di profumi, il gusto complesso, l&#8217;eleganza e la lunga persistenza.<\/p>\n<p>Il processo di vinificazione ha inizio con la raccolta delle uve per parcelle distinte. La ricezione avviene in tramogge che consentono di mantenere perfetta l\u2019integrit\u00e0 e il rispetto delle uve prima delle fasi di pressatura e di macerazione svolte mediante tecniche che limitano il contatto con l\u2019ossigeno.<br \/>\nLo scopo \u00e8 di preservare al massimo il patrimonio aromatico di ogni variet\u00e0. La fermentazione, gestita a temperatura controllata con tempi variabili a seconda dei vitigni, consente di raggiungere il giusto grado di complessit\u00e0.<\/p>\n<p>Per il solo vino Cicinis vengono utilizzati contenitori di fermentazione\/affinamento in cemento di forma ovoidale, che consentono la formazione di moti convettivi dovuti alle differenze di temperatura presenti all\u2019interno della vasca. Queste correnti portano con loro verso l\u2019alto i lieviti presenti sul fondo, unitamente a microporosit\u00e0 del materiale. Tutto ci\u00f2 permette di ottenere maggiore complessit\u00e0 e finezza nel vino. Alcune variet\u00e0 quali Chardonnay e Pinot Grigio fanno, per una piccola parte, un breve passaggio in barrique.<\/p>\n","protected":false},"excerpt":{"rendered":"<p>I vini del friuli\u00a0Attems sono espressione del territorio: nessun intervento, dalla vigna alla cantina, che possa spezzare l\u2019equilibrio degli elementi&#8230;<\/p>\n","protected":false},"author":9,"featured_media":0,"parent":4722,"menu_order":0,"comment_status":"open","ping_status":"open","template":"page-custom-istituzionale.php","meta":[],"yoast_head":"<!-- This site is optimized with the Yoast SEO plugin v16.3 - https:\/\/yoast.com\/wordpress\/plugins\/seo\/ -->\n<meta name=\"description\" content=\"I vini tipici friuliani di Attems vengono prodotti con la massima attenzione in ogni fase. Scopri il processo che li porta dalla vigna alla cantina.\" \/>\n<meta name=\"robots\" content=\"index, follow, max-snippet:-1, max-image-preview:large, max-video-preview:-1\" \/>\n<link rel=\"canonical\" href=\"https:\/\/www.attems.it\/en\/azienda\/produzione\/\" \/>\n<meta property=\"og:locale\" content=\"en_US\" \/>\n<meta property=\"og:type\" content=\"article\" \/>\n<meta property=\"og:title\" content=\"Vini Tipici Friuliani | Produzione | Attems\" \/>\n<meta property=\"og:description\" content=\"I vini tipici friuliani di Attems vengono prodotti con la massima attenzione in ogni fase. Scopri il processo che li porta dalla vigna alla cantina.\" \/>\n<meta property=\"og:url\" content=\"https:\/\/www.attems.it\/azienda\/produzione\/\" \/>\n<meta property=\"og:site_name\" content=\"Attems\" \/>\n<meta property=\"article:modified_time\" content=\"2023-12-20T10:33:02+00:00\" \/>\n<meta name=\"twitter:card\" content=\"summary_large_image\" \/>\n<meta name=\"twitter:label1\" content=\"Est. reading time\">\n\t<meta name=\"twitter:data1\" content=\"1 minute\">\n<script type=\"application\/ld+json\" class=\"yoast-schema-graph\">{\"@context\":\"https:\/\/schema.org\",\"@graph\":[{\"@type\":\"WebSite\",\"@id\":\"https:\/\/www.attems.it\/#website\",\"url\":\"https:\/\/www.attems.it\/\",\"name\":\"Attems\",\"description\":\"Nella storia e nel futuro dei vini del Friuli\",\"potentialAction\":[{\"@type\":\"SearchAction\",\"target\":\"https:\/\/www.attems.it\/?s={search_term_string}\",\"query-input\":\"required name=search_term_string\"}],\"inLanguage\":\"en-US\"},{\"@type\":\"WebPage\",\"@id\":\"https:\/\/www.attems.it\/azienda\/produzione\/#webpage\",\"url\":\"https:\/\/www.attems.it\/azienda\/produzione\/\",\"name\":\"Vini Tipici Friuliani | Produzione | Attems\",\"isPartOf\":{\"@id\":\"https:\/\/www.attems.it\/#website\"},\"datePublished\":\"2015-04-23T11:00:50+00:00\",\"dateModified\":\"2023-12-20T10:33:02+00:00\",\"description\":\"I vini tipici friuliani di Attems vengono prodotti con la massima attenzione in ogni fase. Scopri il processo che li porta dalla vigna alla cantina.\",\"breadcrumb\":{\"@id\":\"https:\/\/www.attems.it\/azienda\/produzione\/#breadcrumb\"},\"inLanguage\":\"en-US\",\"potentialAction\":[{\"@type\":\"ReadAction\",\"target\":[\"https:\/\/www.attems.it\/azienda\/produzione\/\"]}]},{\"@type\":\"BreadcrumbList\",\"@id\":\"https:\/\/www.attems.it\/azienda\/produzione\/#breadcrumb\",\"itemListElement\":[{\"@type\":\"ListItem\",\"position\":1,\"item\":{\"@type\":\"WebPage\",\"@id\":\"https:\/\/www.attems.it\/en\/\",\"url\":\"https:\/\/www.attems.it\/en\/\",\"name\":\"Home\"}},{\"@type\":\"ListItem\",\"position\":2,\"item\":{\"@type\":\"WebPage\",\"@id\":\"https:\/\/www.attems.it\/azienda\/\",\"url\":\"https:\/\/www.attems.it\/azienda\/\",\"name\":\"Azienda\"}},{\"@type\":\"ListItem\",\"position\":3,\"item\":{\"@id\":\"https:\/\/www.attems.it\/azienda\/produzione\/#webpage\"}}]}]}<\/script>\n<!-- \/ Yoast SEO plugin. -->","_links":{"self":[{"href":"https:\/\/www.attems.it\/en\/wp-json\/wp\/v2\/pages\/4802"}],"collection":[{"href":"https:\/\/www.attems.it\/en\/wp-json\/wp\/v2\/pages"}],"about":[{"href":"https:\/\/www.attems.it\/en\/wp-json\/wp\/v2\/types\/page"}],"author":[{"embeddable":true,"href":"https:\/\/www.attems.it\/en\/wp-json\/wp\/v2\/users\/9"}],"replies":[{"embeddable":true,"href":"https:\/\/www.attems.it\/en\/wp-json\/wp\/v2\/comments?post=4802"}],"version-history":[{"count":18,"href":"https:\/\/www.attems.it\/en\/wp-json\/wp\/v2\/pages\/4802\/revisions"}],"predecessor-version":[{"id":10332,"href":"https:\/\/www.attems.it\/en\/wp-json\/wp\/v2\/pages\/4802\/revisions\/10332"}],"up":[{"embeddable":true,"href":"https:\/\/www.attems.it\/en\/wp-json\/wp\/v2\/pages\/4722"}],"wp:attachment":[{"href":"https:\/\/www.attems.it\/en\/wp-json\/wp\/v2\/media?parent=4802"}],"curies":[{"name":"wp","href":"https:\/\/api.w.org\/{rel}","templated":true}]}}