{"id":6793,"date":"2017-03-09T11:15:43","date_gmt":"2017-03-09T10:15:43","guid":{"rendered":"http:\/\/www.attems.it\/ownership\/"},"modified":"2021-11-26T17:08:09","modified_gmt":"2021-11-26T16:08:09","slug":"besitztum","status":"publish","type":"page","link":"https:\/\/www.attems.it\/de\/besitztum\/","title":{"rendered":"Besitztum"},"content":{"rendered":"<p class=\"p1\">Seit 700 Jahren verbindet die Familie Frescobaldi Tradition, Erfahrung und Innovation mit Kreativit\u00e4t und Streben nach Exzellenz.<\/p>\n<p class=\"p1\">Die Familie hat immer versucht, die Vielfalt des toskanischen Terroirs zu entwickeln und zu feiern. Als stolze Besitzer einiger der besten Weing\u00fcter der Region, waren die Familienmitglieder stets darum bem\u00fcht, die Identit\u00e4t und die Selbstst\u00e4ndigkeit jedes einzelnen Besitzes zu bewahren.<\/p>\n<p class=\"p1\">Dies ist nur eines unter den Familienweing\u00fctern, neben Ornellaia, Masseto, Danzante, Luce della Vite und den sechs Weing\u00fctern von Frescobaldi, Nipozzano, CastelGiocondo, Pomino, Ammiraglia, Castiglioni and Remole.<\/p>\n","protected":false},"excerpt":{"rendered":"<p>Seit 700 Jahren verbindet die Familie Frescobaldi Tradition, Erfahrung und Innovation mit Kreativit\u00e4t und Streben nach Exzellenz. Die Familie hat&#8230;<\/p>\n","protected":false},"author":9,"featured_media":0,"parent":0,"menu_order":0,"comment_status":"closed","ping_status":"closed","template":"page-custom-ownership.php","meta":[],"yoast_head":"<!-- This site is optimized with the Yoast SEO plugin v16.3 - https:\/\/yoast.com\/wordpress\/plugins\/seo\/ -->\n<meta name=\"description\" content=\"Die Familie Frescobaldi verbindet seit 700 Jahren Tradition, Erfahrung und Innovation mit Kreativit\u00e4t und dem Streben nach Exzellenz.\" \/>\n<meta name=\"robots\" content=\"index, follow, max-snippet:-1, max-image-preview:large, max-video-preview:-1\" \/>\n<link rel=\"canonical\" href=\"https:\/\/www.attems.it\/de\/besitztum\/\" \/>\n<meta property=\"og:locale\" content=\"de_DE\" \/>\n<meta property=\"og:type\" content=\"article\" \/>\n<meta property=\"og:title\" content=\"Eigentum der Familie Frescobaldi | Friaulische Weine Attems\" \/>\n<meta property=\"og:description\" content=\"Die Familie Frescobaldi verbindet seit 700 Jahren Tradition, Erfahrung und Innovation mit Kreativit\u00e4t und dem Streben nach Exzellenz.\" \/>\n<meta property=\"og:url\" content=\"https:\/\/www.attems.it\/de\/besitztum\/\" \/>\n<meta property=\"og:site_name\" content=\"Attems\" \/>\n<meta property=\"article:modified_time\" content=\"2021-11-26T16:08:09+00:00\" \/>\n<meta name=\"twitter:card\" content=\"summary_large_image\" \/>\n<script type=\"application\/ld+json\" class=\"yoast-schema-graph\">{\"@context\":\"https:\/\/schema.org\",\"@graph\":[{\"@type\":\"WebSite\",\"@id\":\"https:\/\/www.attems.it\/#website\",\"url\":\"https:\/\/www.attems.it\/\",\"name\":\"Attems\",\"description\":\"Nella storia e nel futuro dei vini del Friuli\",\"potentialAction\":[{\"@type\":\"SearchAction\",\"target\":\"https:\/\/www.attems.it\/?s={search_term_string}\",\"query-input\":\"required name=search_term_string\"}],\"inLanguage\":\"de\"},{\"@type\":\"WebPage\",\"@id\":\"https:\/\/www.attems.it\/de\/besitztum\/#webpage\",\"url\":\"https:\/\/www.attems.it\/de\/besitztum\/\",\"name\":\"Eigentum der Familie Frescobaldi | Friaulische Weine Attems\",\"isPartOf\":{\"@id\":\"https:\/\/www.attems.it\/#website\"},\"datePublished\":\"2017-03-09T10:15:43+00:00\",\"dateModified\":\"2021-11-26T16:08:09+00:00\",\"description\":\"Die Familie Frescobaldi verbindet seit 700 Jahren Tradition, Erfahrung und Innovation mit Kreativit\\u00e4t und dem Streben nach Exzellenz.\",\"breadcrumb\":{\"@id\":\"https:\/\/www.attems.it\/de\/besitztum\/#breadcrumb\"},\"inLanguage\":\"de\",\"potentialAction\":[{\"@type\":\"ReadAction\",\"target\":[\"https:\/\/www.attems.it\/de\/besitztum\/\"]}]},{\"@type\":\"BreadcrumbList\",\"@id\":\"https:\/\/www.attems.it\/de\/besitztum\/#breadcrumb\",\"itemListElement\":[{\"@type\":\"ListItem\",\"position\":1,\"item\":{\"@type\":\"WebPage\",\"@id\":\"https:\/\/www.attems.it\/de\/\",\"url\":\"https:\/\/www.attems.it\/de\/\",\"name\":\"Home\"}},{\"@type\":\"ListItem\",\"position\":2,\"item\":{\"@id\":\"https:\/\/www.attems.it\/de\/besitztum\/#webpage\"}}]}]}<\/script>\n<!-- \/ Yoast SEO plugin. -->","_links":{"self":[{"href":"https:\/\/www.attems.it\/de\/wp-json\/wp\/v2\/pages\/6793"}],"collection":[{"href":"https:\/\/www.attems.it\/de\/wp-json\/wp\/v2\/pages"}],"about":[{"href":"https:\/\/www.attems.it\/de\/wp-json\/wp\/v2\/types\/page"}],"author":[{"embeddable":true,"href":"https:\/\/www.attems.it\/de\/wp-json\/wp\/v2\/users\/9"}],"replies":[{"embeddable":true,"href":"https:\/\/www.attems.it\/de\/wp-json\/wp\/v2\/comments?post=6793"}],"version-history":[{"count":3,"href":"https:\/\/www.attems.it\/de\/wp-json\/wp\/v2\/pages\/6793\/revisions"}],"predecessor-version":[{"id":7339,"href":"https:\/\/www.attems.it\/de\/wp-json\/wp\/v2\/pages\/6793\/revisions\/7339"}],"wp:attachment":[{"href":"https:\/\/www.attems.it\/de\/wp-json\/wp\/v2\/media?parent=6793"}],"curies":[{"name":"wp","href":"https:\/\/api.w.org\/{rel}","templated":true}]}}