{"id":4924,"date":"2015-04-23T12:59:30","date_gmt":"2015-04-23T10:59:30","guid":{"rendered":"http:\/\/areatest.attems.it\/?page_id=4924"},"modified":"2023-09-07T11:34:27","modified_gmt":"2023-09-07T09:34:27","slug":"gebiet-und-weingut","status":"publish","type":"page","link":"https:\/\/www.attems.it\/de\/gebiet-und-weingut\/","title":{"rendered":"Gebiet und Weingut"},"content":{"rendered":"<div class=\"DnnModule DnnModule-DNN_HTML DnnModule-575\">\n<div class=\"c_DNN6 c_DNN6_Header default\">\n<div id=\"dnn_ctr575_ContentPane\">\n<div id=\"dnn_ctr575_ModuleContent\" class=\"DNNModuleContent ModDNNHTMLC\">\n<div id=\"dnn_ctr575_HtmlModule_lblContent\" class=\"Normal\">\n<div class=\"DnnModule DnnModule-DNN_HTML DnnModule-718\">\n<div class=\"c_DNN6 c_DNN6_Header default\">\n<div id=\"dnn_ctr718_ContentPane\">\n<div id=\"dnn_ctr718_ModuleContent\" class=\"DNNModuleContent ModDNNHTMLC\">\n<div id=\"dnn_ctr718_HtmlModule_lblContent\" class=\"Normal\">\n<p>Das Weingut erstreckt sich \u00fcber 44 Hektar. Westlich von Gorizia haben die terrassierten Weinberge s\u00fcdliche Ausrichtung und sind dadurch gut gesch\u00fctzt vor den kalten Winden aus dem Norden und der Bora aus Triest.\u00a0 Das Gebiet ist ganz besonders gut f\u00fcr den Weinbau geeignet und bereits Ende des 19. Jahrhunderts wurde die Region Friaul-Julisch Venetien durch dieses Weinbaugebiet zu einer der wichtigsten Weinregionen Italiens. Attems perfektioniert nicht nur seine autoktonen Sorten wie z.B. den <a href=\"https:\/\/www.attems.it\/vini\/ribolla-gialla\/\">Ribolla Gialla<\/a>, sondern auch andere edle Weine wie den <a href=\"https:\/\/www.attems.it\/vini\/sauvignon\/\">Sauvignon<\/a> Blanc,\u00a0<a href=\"https:\/\/www.attems.it\/vini\/pinot-grigio\/\">Pinot Grigio<\/a>,\u00a0<a href=\"https:\/\/www.attems.it\/de\/vini\/chardonnay\/\">Chardonnay<\/a>, f\u00fcr deren Anbau hier ideale Umweltbedingungen herrschen. \u00a0Die Weinberge gedeihen in einem \u00d6kosystem, in dem die Biodiversit\u00e4t stark vorherrscht.<\/p>\n<h3>EINE EINZIGARTIGE GEGEND<\/h3>\n<\/div>\n<p>Der Betrieb ist umgeben von einer intakten Natur voller Biodiversit\u00e4t, wichtige Elemente f\u00fcr einen erfolgreichen Weinanbau. Vor ein paar Jahren wurde die landwirtschaftliche Methode der Gr\u00fcnd\u00fcngung eingef\u00fchrt. Diese besteht darin, dass ganz bestimmte Pflanzenkulturen verwendet werden, um dadurch die Wachstumsbedingungen der Nutzpflanzen zu verbessern. Die drei herausragenden Merkmale der Gegend sind die B\u00f6den, die Temperaturspr\u00fcnge und das Licht.<\/p>\n<h4>Die B\u00f6den<\/h4>\n<\/div>\n<\/div>\n<\/div>\n<\/div>\n<p>Die Unterschiedlichkeit der drei Bodenarten wird bei den angebauten Weinbergen maximal ausgenutzt.<\/p>\n<ul>\n<li>Im Gebiet des Isonzo befinden sich alluviale B\u00f6den, die sandiger und lehmiger Natur\u00a0 und oft vermischt mit Kies sind. Eine eher warme und feuchte Gegend mit wenig Wind, ideal f\u00fcr Chardonnay und Sauvignon Blanc Weinbau. Die Weinlese wird vorgezogen. Dadurch werden \u00a0Frische und Fruchtigkeit der Weine besonders betont.<\/li>\n<li>Der mittlere Teil des Besitztum namens \u201cManine\u201d ist eine flache Gegend zwischen Collio und Isonzo, bestehend aus lehmigem, gut dr\u00e4niertem Boden. Es werden die Sorten Pinot Grigio und Ribolla Gialla angebaut, die f\u00fcr ihre Feinheit und Eleganz bekannt sind.<\/li>\n<li>Das am h\u00f6chsten gelegene Gebiet mit den frischesten Temperaturen und dem meisten Wind befindet sich in Collio. Sein Name \u201cPonca\u201d stammt von einer speziellen Art von sandigem Boden, dessen Zusammensetzung marinen Ursprungs sich vor Millionen von Jahren im Wechsel mit Mergel bildete. Es handelt sich um einen idealen Boden f\u00fcr Weinbau, der das Aroma der Trauben und die W\u00fcrze des Weines beeinflussen kann. Sauvignon Blanc ist die angebaute Rebsorte.<br \/>\nDie Cicinis-H\u00fcgel mit Sauvignon Blanc Weinst\u00f6cken werden in zwei unterschiedlichen Zeitr\u00e4umen geerntet. Zun\u00e4chst erfolgt die Weinlese im unteren Weinberg und sp\u00e4ter dann im h\u00f6her gelegenen Bereich des Weinberges.<\/li>\n<\/ul>\n<p>Im mittleren Gebiet bestimmen die Julischen Alpen die Niederschl\u00e4ge, d.h. es gibt zahlreiche Regenf\u00e4lle von 1000 bis 1600 Millimeter, die gut verteilt \u00fcber das gesamte Jahr erfolgen. Dadurch wird im Boden Oberfl\u00e4chenwasser gespeichert, und dadurch ist auch in den w\u00e4rmsten Monaten f\u00fcr ausreichend Bew\u00e4sserung gesorgt.<br \/>\nEin Luftzug ist das ganze Jahr \u00fcber konstant vorhanden. Im Sommer wehen Brisen aus dem Osten und sorgen f\u00fcr einen wolkenfreien Himmel und eine Reduzierung der Luftfeuchtigkeit. In einem Gebiet mit starkem Regen wie das Collio ist ein solcher Luftzug f\u00fcr die Abwehr von Pilzkrankheiten unabdinglich.<\/p>\n<h4>Die Temperaturspr\u00fcnge<\/h4>\n<div class=\"DnnModule DnnModule-DNN_HTML DnnModule-724\">\n<p>Der Winter ist hier relativ streng mit h\u00e4ufig auftretenden Minusgraden. Der Sommer ist nicht extrem hei\u00df. Die H\u00f6chsttemperaturen bewegen sich unterhalb der 30\u00b0C Grenze. Durch die H\u00fcgel, die diese Landschaft durchziehen, ist der Unterschied zwischen Tag- und Nachttemperaturen sehr stark. All diese Bedingungen beg\u00fcnstigen die Speicherung von Zucker, Pigmenten und aromatischen Bestandteilen in den Trauben.<\/p>\n<h4>Die Sonneneinstrahlung<\/h4>\n<p>Die Attems Weinberge befinden sich mit weniger als 15 Kilometer Abstand zur Adria ganz in der N\u00e4he des Meeres. Die Lichtbrechung der Sonnenstrahlen auf dem Golf von Triest schenkt dem Collio ein sehr intensives, einzigartiges und ganz besonderes Licht. Durch diese Sonneneinstrahlung im August und September k\u00f6nnen die Trauben optimal heranreifen. Zusammen mit den Temperaturunterschieden zwischen Tag und Nacht f\u00fchrt dies zu einem idealen Mikroklima f\u00fcr die Herstellung von gro\u00dfartigen Wei\u00dfweinen.<\/p>\n<\/div>\n<\/div>\n<\/div>\n<\/div>\n<\/div>\n<\/div>\n","protected":false},"excerpt":{"rendered":"<p>Das Weingut erstreckt sich \u00fcber 44 Hektar. Westlich von Gorizia haben die terrassierten Weinberge s\u00fcdliche Ausrichtung und sind dadurch gut&#8230;<\/p>\n","protected":false},"author":9,"featured_media":0,"parent":0,"menu_order":0,"comment_status":"open","ping_status":"open","template":"page-custom-istituzionale.php","meta":[],"yoast_head":"<!-- This site is optimized with the Yoast SEO plugin v16.3 - https:\/\/yoast.com\/wordpress\/plugins\/seo\/ -->\n<meta name=\"description\" content=\"Das Unternehmen ist umgeben von intakter Natur und reich an Biodiversit\u00e4t, die auch in Bezug auf den Anbau der Rebe wichtige Elemente sind.\" \/>\n<meta name=\"robots\" content=\"index, follow, max-snippet:-1, max-image-preview:large, max-video-preview:-1\" \/>\n<link rel=\"canonical\" href=\"https:\/\/www.attems.it\/de\/gebiet-und-weingut\/\" \/>\n<meta property=\"og:locale\" content=\"de_DE\" \/>\n<meta property=\"og:type\" content=\"article\" \/>\n<meta property=\"og:title\" content=\"Friaulische Weine doc | Attems-Nachlass\" \/>\n<meta property=\"og:description\" content=\"Das Unternehmen ist umgeben von intakter Natur und reich an Biodiversit\u00e4t, die auch in Bezug auf den Anbau der Rebe wichtige Elemente sind.\" \/>\n<meta property=\"og:url\" content=\"https:\/\/www.attems.it\/de\/gebiet-und-weingut\/\" \/>\n<meta property=\"og:site_name\" content=\"Attems\" \/>\n<meta property=\"article:modified_time\" content=\"2023-09-07T09:34:27+00:00\" \/>\n<meta name=\"twitter:card\" content=\"summary_large_image\" \/>\n<meta name=\"twitter:label1\" content=\"Gesch\u00e4tzte Lesezeit\">\n\t<meta name=\"twitter:data1\" content=\"3\u00a0Minuten\">\n<script type=\"application\/ld+json\" class=\"yoast-schema-graph\">{\"@context\":\"https:\/\/schema.org\",\"@graph\":[{\"@type\":\"WebSite\",\"@id\":\"https:\/\/www.attems.it\/#website\",\"url\":\"https:\/\/www.attems.it\/\",\"name\":\"Attems\",\"description\":\"Nella storia e nel futuro dei vini del Friuli\",\"potentialAction\":[{\"@type\":\"SearchAction\",\"target\":\"https:\/\/www.attems.it\/?s={search_term_string}\",\"query-input\":\"required name=search_term_string\"}],\"inLanguage\":\"de\"},{\"@type\":\"WebPage\",\"@id\":\"https:\/\/www.attems.it\/de\/gebiet-und-weingut\/#webpage\",\"url\":\"https:\/\/www.attems.it\/de\/gebiet-und-weingut\/\",\"name\":\"Friaulische Weine doc | Attems-Nachlass\",\"isPartOf\":{\"@id\":\"https:\/\/www.attems.it\/#website\"},\"datePublished\":\"2015-04-23T10:59:30+00:00\",\"dateModified\":\"2023-09-07T09:34:27+00:00\",\"description\":\"Das Unternehmen ist umgeben von intakter Natur und reich an Biodiversit\\u00e4t, die auch in Bezug auf den Anbau der Rebe wichtige Elemente sind.\",\"breadcrumb\":{\"@id\":\"https:\/\/www.attems.it\/de\/gebiet-und-weingut\/#breadcrumb\"},\"inLanguage\":\"de\",\"potentialAction\":[{\"@type\":\"ReadAction\",\"target\":[\"https:\/\/www.attems.it\/de\/gebiet-und-weingut\/\"]}]},{\"@type\":\"BreadcrumbList\",\"@id\":\"https:\/\/www.attems.it\/de\/gebiet-und-weingut\/#breadcrumb\",\"itemListElement\":[{\"@type\":\"ListItem\",\"position\":1,\"item\":{\"@type\":\"WebPage\",\"@id\":\"https:\/\/www.attems.it\/de\/\",\"url\":\"https:\/\/www.attems.it\/de\/\",\"name\":\"Home\"}},{\"@type\":\"ListItem\",\"position\":2,\"item\":{\"@id\":\"https:\/\/www.attems.it\/de\/gebiet-und-weingut\/#webpage\"}}]}]}<\/script>\n<!-- \/ Yoast SEO plugin. -->","_links":{"self":[{"href":"https:\/\/www.attems.it\/de\/wp-json\/wp\/v2\/pages\/4924"}],"collection":[{"href":"https:\/\/www.attems.it\/de\/wp-json\/wp\/v2\/pages"}],"about":[{"href":"https:\/\/www.attems.it\/de\/wp-json\/wp\/v2\/types\/page"}],"author":[{"embeddable":true,"href":"https:\/\/www.attems.it\/de\/wp-json\/wp\/v2\/users\/9"}],"replies":[{"embeddable":true,"href":"https:\/\/www.attems.it\/de\/wp-json\/wp\/v2\/comments?post=4924"}],"version-history":[{"count":15,"href":"https:\/\/www.attems.it\/de\/wp-json\/wp\/v2\/pages\/4924\/revisions"}],"predecessor-version":[{"id":11837,"href":"https:\/\/www.attems.it\/de\/wp-json\/wp\/v2\/pages\/4924\/revisions\/11837"}],"wp:attachment":[{"href":"https:\/\/www.attems.it\/de\/wp-json\/wp\/v2\/media?parent=4924"}],"curies":[{"name":"wp","href":"https:\/\/api.w.org\/{rel}","templated":true}]}}