{"id":4920,"date":"2015-04-23T13:00:50","date_gmt":"2015-04-23T11:00:50","guid":{"rendered":"http:\/\/areatest.attems.it\/?page_id=4920"},"modified":"2021-11-26T17:00:53","modified_gmt":"2021-11-26T16:00:53","slug":"produktion","status":"publish","type":"page","link":"https:\/\/www.attems.it\/de\/produktion\/","title":{"rendered":"Produktion"},"content":{"rendered":"<p><a href=\"https:\/\/www.attems.it\/de\/vini\/\">Die Attems Weine<\/a> sind Ausdruck dieser wunderbaren Gegend: vom Weinstock bis zum Weinkeller wird nichts getan, das das Gleichgewicht der Elemente des Terroirs st\u00f6ren k\u00f6nnte. Der Zeitpunkt der Weinlese richtet sich nach der Ausrichtung des Weinberges, den Trauben, den aromatischen Merkmalen und dem Geschmack der Weine, den wir erhalten m\u00f6chten: Jeder Weinberg bekommt seinen eigenen Moment, um somit seine Besonderheiten hervorheben zu k\u00f6nnen<\/p>\n<p>Die Weinkellerei Attems wurde so konzipiert, dass die Trauben bis zur Verarbeitung\u00a0 m\u00f6glichst unversehrt bleiben. Sie werden sofort nach der Ernte abgeliefert; dadurch k\u00f6nnen die Aromen erhalten bleiben. In jeder Verarbeitungsfase, von der Fermentierung bis zur Reifung, ist es unser Ziel, bei unseren Weinen den gro\u00dfen Reichtum der D\u00fcfte, den gesamten Geschmack, die Eleganz und das lange Anhalten hervorzuheben.<\/p>\n<p>Die Weinherstellung beginnt mit der Lese in den verschiedenen Parzellen in den Weing\u00e4rten. In speziellen Beh\u00e4ltnissen, die die Unversehrtheit des Traubenmaterials sicherstellen, wird das Lesegut zur Kellerei gebracht, wo es dann zur Pressung und G\u00e4rung kommt. Hierbei ist es wichtig, dass die Maische so wenig wie m\u00f6glich mit Sauerstoff in Ber\u00fchrung kommt, denn nur so werden sp\u00e4ter die sortentypischen aromatischen Eigenschaften einer jeden Rebsorte geb\u00fchrend zur Geltung kommen. F\u00fcr jede Sorte wird die G\u00e4rtemperatur individuell eingestellt und kontrolliert \u2013 auf diese Weise erhalten die Weine im Hinblick auf ihre Komplexit\u00e4t das richtige Niveau.<\/p>\n<p>F\u00fcr den Wein mit dem Namen \u201eCicinis\u201c kommen traditionelle eif\u00f6rmige G\u00e4r- und Ausbaubeh\u00e4lter aus Beton zum Einsatz, die das Entstehen von durch Temperaturunterschiede im Inneren des Beh\u00e4lters verursachten Konvektionsbewegungen beg\u00fcnstigen. Im Zusammenwirken mit der Feinporigkeit des Materials bewirken diese Str\u00f6mungen, dass die Hefen vom Boden des Beh\u00e4lters nach oben gelangen, was dem Wein sp\u00e4ter Komplexit\u00e4t und Feinheit schenken wird.<\/p>\n<p>Ein gewisser Anteil einiger Jungweine aus den Rebsorten Chardonnay und Pinot Grigio wird f\u00fcr kurze Zeit im Barriquefass ausgebaut.<\/p>\n","protected":false},"excerpt":{"rendered":"<p>Die Attems Weine sind Ausdruck dieser wunderbaren Gegend: vom Weinstock bis zum Weinkeller wird nichts getan, das das Gleichgewicht der&#8230;<\/p>\n","protected":false},"author":9,"featured_media":0,"parent":0,"menu_order":0,"comment_status":"open","ping_status":"open","template":"page-custom-istituzionale.php","meta":[],"yoast_head":"<!-- This site is optimized with the Yoast SEO plugin v16.3 - https:\/\/yoast.com\/wordpress\/plugins\/seo\/ -->\n<meta name=\"description\" content=\"Die Weine von Attems Friuli sind Ausdruck des Territoriums: Kein Eingriff vom Weinberg bis zum Keller, der das Gleichgewicht der Elemente st\u00f6ren k\u00f6nnte.\" \/>\n<meta name=\"robots\" content=\"index, follow, max-snippet:-1, max-image-preview:large, max-video-preview:-1\" \/>\n<link rel=\"canonical\" href=\"https:\/\/www.attems.it\/de\/produktion\/\" \/>\n<meta property=\"og:locale\" content=\"de_DE\" \/>\n<meta property=\"og:type\" content=\"article\" \/>\n<meta property=\"og:title\" content=\"Friaulischer Colliowein | Typische friaulische Weine\" \/>\n<meta property=\"og:description\" content=\"Die Weine von Attems Friuli sind Ausdruck des Territoriums: Kein Eingriff vom Weinberg bis zum Keller, der das Gleichgewicht der Elemente st\u00f6ren k\u00f6nnte.\" \/>\n<meta property=\"og:url\" content=\"https:\/\/www.attems.it\/de\/produktion\/\" \/>\n<meta property=\"og:site_name\" content=\"Attems\" \/>\n<meta property=\"article:modified_time\" content=\"2021-11-26T16:00:53+00:00\" \/>\n<meta name=\"twitter:card\" content=\"summary_large_image\" \/>\n<meta name=\"twitter:label1\" content=\"Gesch\u00e4tzte Lesezeit\">\n\t<meta name=\"twitter:data1\" content=\"2\u00a0Minuten\">\n<script type=\"application\/ld+json\" class=\"yoast-schema-graph\">{\"@context\":\"https:\/\/schema.org\",\"@graph\":[{\"@type\":\"WebSite\",\"@id\":\"https:\/\/www.attems.it\/#website\",\"url\":\"https:\/\/www.attems.it\/\",\"name\":\"Attems\",\"description\":\"Nella storia e nel futuro dei vini del Friuli\",\"potentialAction\":[{\"@type\":\"SearchAction\",\"target\":\"https:\/\/www.attems.it\/?s={search_term_string}\",\"query-input\":\"required name=search_term_string\"}],\"inLanguage\":\"de\"},{\"@type\":\"WebPage\",\"@id\":\"https:\/\/www.attems.it\/de\/produktion\/#webpage\",\"url\":\"https:\/\/www.attems.it\/de\/produktion\/\",\"name\":\"Friaulischer Colliowein | Typische friaulische Weine\",\"isPartOf\":{\"@id\":\"https:\/\/www.attems.it\/#website\"},\"datePublished\":\"2015-04-23T11:00:50+00:00\",\"dateModified\":\"2021-11-26T16:00:53+00:00\",\"description\":\"Die Weine von Attems Friuli sind Ausdruck des Territoriums: Kein Eingriff vom Weinberg bis zum Keller, der das Gleichgewicht der Elemente st\\u00f6ren k\\u00f6nnte.\",\"breadcrumb\":{\"@id\":\"https:\/\/www.attems.it\/de\/produktion\/#breadcrumb\"},\"inLanguage\":\"de\",\"potentialAction\":[{\"@type\":\"ReadAction\",\"target\":[\"https:\/\/www.attems.it\/de\/produktion\/\"]}]},{\"@type\":\"BreadcrumbList\",\"@id\":\"https:\/\/www.attems.it\/de\/produktion\/#breadcrumb\",\"itemListElement\":[{\"@type\":\"ListItem\",\"position\":1,\"item\":{\"@type\":\"WebPage\",\"@id\":\"https:\/\/www.attems.it\/de\/\",\"url\":\"https:\/\/www.attems.it\/de\/\",\"name\":\"Home\"}},{\"@type\":\"ListItem\",\"position\":2,\"item\":{\"@id\":\"https:\/\/www.attems.it\/de\/produktion\/#webpage\"}}]}]}<\/script>\n<!-- \/ Yoast SEO plugin. -->","_links":{"self":[{"href":"https:\/\/www.attems.it\/de\/wp-json\/wp\/v2\/pages\/4920"}],"collection":[{"href":"https:\/\/www.attems.it\/de\/wp-json\/wp\/v2\/pages"}],"about":[{"href":"https:\/\/www.attems.it\/de\/wp-json\/wp\/v2\/types\/page"}],"author":[{"embeddable":true,"href":"https:\/\/www.attems.it\/de\/wp-json\/wp\/v2\/users\/9"}],"replies":[{"embeddable":true,"href":"https:\/\/www.attems.it\/de\/wp-json\/wp\/v2\/comments?post=4920"}],"version-history":[{"count":8,"href":"https:\/\/www.attems.it\/de\/wp-json\/wp\/v2\/pages\/4920\/revisions"}],"predecessor-version":[{"id":7247,"href":"https:\/\/www.attems.it\/de\/wp-json\/wp\/v2\/pages\/4920\/revisions\/7247"}],"wp:attachment":[{"href":"https:\/\/www.attems.it\/de\/wp-json\/wp\/v2\/media?parent=4920"}],"curies":[{"name":"wp","href":"https:\/\/api.w.org\/{rel}","templated":true}]}}