{"id":4913,"date":"2015-04-21T15:48:32","date_gmt":"2015-04-21T13:48:32","guid":{"rendered":"http:\/\/areatest.attems.it\/?page_id=4913"},"modified":"2021-11-26T17:02:37","modified_gmt":"2021-11-26T16:02:37","slug":"unternehmen-und-geschichte","status":"publish","type":"page","link":"https:\/\/www.attems.it\/de\/unternehmen-und-geschichte\/","title":{"rendered":"Unternehmen und Geschichte"},"content":{"rendered":"<p>Mit dem Namen Attems verbindet man die Geschichte <strong>des Weines in der Region Friaul-Julisch Venetien<\/strong>. Die erste Besitzurkunde \u00fcber L\u00e4ndereien, die f\u00fcr den Weinbau genutzt werden sollten, stammt aus dem Jahr 1106. Die Herstellung der Weine Ribolla Gialla und Refosco wird 1764 zum ersten Mal in den \u00f6rtlichen Gemeinderegistern erw\u00e4hnt.<\/p>\n<p>Durch seine tausendj\u00e4hrige Tradition genie\u00dft der Name Attems in der gesamten Region gro\u00dfes Ansehen, nicht zuletzt auch dank der Pionierleistung von Graf Douglas von Attems, der 1964 die Genossenschaft \u201cConsorzio dei vini del Collio\u201d gr\u00fcndete, damals die dritte Genossenschaft ihrer Art in Italien und die erste in Friaul.<\/p>\n<p>Die Geschichte der <strong>Attems<\/strong> ist eng verflochten mit den Ereignissen der Weltgeschichte; sie beginnt beim Patriarchat von Aquileia und reicht \u00fcber die Geschicke der Grafschaft G\u00f6rz und dem ersten Weltkrieg bis in unsere Tage. Eine faszinierende Vergangenheit, eine starke Gegenwart und eine innovative Zukunft. Seit dem Jahr 2000 ist Attems im Besitz der Familie Frescobaldi, die die Kellerei mit geb\u00fchrendem Respekt f\u00fcr ihre Besonderheiten leitet.<\/p>\n","protected":false},"excerpt":{"rendered":"<p>Mit dem Namen Attems verbindet man die Geschichte des Weines in der Region Friaul-Julisch Venetien. Die erste Besitzurkunde \u00fcber L\u00e4ndereien,&#8230;<\/p>\n","protected":false},"author":9,"featured_media":0,"parent":0,"menu_order":0,"comment_status":"open","ping_status":"open","template":"page-custom-istituzionale.php","meta":[],"yoast_head":"<!-- This site is optimized with the Yoast SEO plugin v16.3 - https:\/\/yoast.com\/wordpress\/plugins\/seo\/ -->\n<meta name=\"description\" content=\"Attems: Ein Name, der an die Weingeschichte Friaul-Julisch Venetiens erinnert. Tats\u00e4chlich stammt das erste Dokument, das Landbesitz bezeugt\" \/>\n<meta name=\"robots\" content=\"index, follow, max-snippet:-1, max-image-preview:large, max-video-preview:-1\" \/>\n<link rel=\"canonical\" href=\"https:\/\/www.attems.it\/de\/unternehmen-und-geschichte\/\" \/>\n<meta property=\"og:locale\" content=\"de_DE\" \/>\n<meta property=\"og:type\" content=\"article\" \/>\n<meta property=\"og:title\" content=\"Weing\u00fcter Friaul | Weingeschichte in Friaul-Julisch Venetien\" \/>\n<meta property=\"og:description\" content=\"Attems: Ein Name, der an die Weingeschichte Friaul-Julisch Venetiens erinnert. Tats\u00e4chlich stammt das erste Dokument, das Landbesitz bezeugt\" \/>\n<meta property=\"og:url\" content=\"https:\/\/www.attems.it\/de\/unternehmen-und-geschichte\/\" \/>\n<meta property=\"og:site_name\" content=\"Attems\" \/>\n<meta property=\"article:modified_time\" content=\"2021-11-26T16:02:37+00:00\" \/>\n<meta name=\"twitter:card\" content=\"summary_large_image\" \/>\n<meta name=\"twitter:label1\" content=\"Gesch\u00e4tzte Lesezeit\">\n\t<meta name=\"twitter:data1\" content=\"1\u00a0Minute\">\n<script type=\"application\/ld+json\" class=\"yoast-schema-graph\">{\"@context\":\"https:\/\/schema.org\",\"@graph\":[{\"@type\":\"WebSite\",\"@id\":\"https:\/\/www.attems.it\/#website\",\"url\":\"https:\/\/www.attems.it\/\",\"name\":\"Attems\",\"description\":\"Nella storia e nel futuro dei vini del Friuli\",\"potentialAction\":[{\"@type\":\"SearchAction\",\"target\":\"https:\/\/www.attems.it\/?s={search_term_string}\",\"query-input\":\"required name=search_term_string\"}],\"inLanguage\":\"de\"},{\"@type\":\"WebPage\",\"@id\":\"https:\/\/www.attems.it\/de\/unternehmen-und-geschichte\/#webpage\",\"url\":\"https:\/\/www.attems.it\/de\/unternehmen-und-geschichte\/\",\"name\":\"Weing\\u00fcter Friaul | Weingeschichte in Friaul-Julisch Venetien\",\"isPartOf\":{\"@id\":\"https:\/\/www.attems.it\/#website\"},\"datePublished\":\"2015-04-21T13:48:32+00:00\",\"dateModified\":\"2021-11-26T16:02:37+00:00\",\"description\":\"Attems: Ein Name, der an die Weingeschichte Friaul-Julisch Venetiens erinnert. Tats\\u00e4chlich stammt das erste Dokument, das Landbesitz bezeugt\",\"breadcrumb\":{\"@id\":\"https:\/\/www.attems.it\/de\/unternehmen-und-geschichte\/#breadcrumb\"},\"inLanguage\":\"de\",\"potentialAction\":[{\"@type\":\"ReadAction\",\"target\":[\"https:\/\/www.attems.it\/de\/unternehmen-und-geschichte\/\"]}]},{\"@type\":\"BreadcrumbList\",\"@id\":\"https:\/\/www.attems.it\/de\/unternehmen-und-geschichte\/#breadcrumb\",\"itemListElement\":[{\"@type\":\"ListItem\",\"position\":1,\"item\":{\"@type\":\"WebPage\",\"@id\":\"https:\/\/www.attems.it\/de\/\",\"url\":\"https:\/\/www.attems.it\/de\/\",\"name\":\"Home\"}},{\"@type\":\"ListItem\",\"position\":2,\"item\":{\"@id\":\"https:\/\/www.attems.it\/de\/unternehmen-und-geschichte\/#webpage\"}}]}]}<\/script>\n<!-- \/ Yoast SEO plugin. -->","_links":{"self":[{"href":"https:\/\/www.attems.it\/de\/wp-json\/wp\/v2\/pages\/4913"}],"collection":[{"href":"https:\/\/www.attems.it\/de\/wp-json\/wp\/v2\/pages"}],"about":[{"href":"https:\/\/www.attems.it\/de\/wp-json\/wp\/v2\/types\/page"}],"author":[{"embeddable":true,"href":"https:\/\/www.attems.it\/de\/wp-json\/wp\/v2\/users\/9"}],"replies":[{"embeddable":true,"href":"https:\/\/www.attems.it\/de\/wp-json\/wp\/v2\/comments?post=4913"}],"version-history":[{"count":8,"href":"https:\/\/www.attems.it\/de\/wp-json\/wp\/v2\/pages\/4913\/revisions"}],"predecessor-version":[{"id":7241,"href":"https:\/\/www.attems.it\/de\/wp-json\/wp\/v2\/pages\/4913\/revisions\/7241"}],"wp:attachment":[{"href":"https:\/\/www.attems.it\/de\/wp-json\/wp\/v2\/media?parent=4913"}],"curies":[{"name":"wp","href":"https:\/\/api.w.org\/{rel}","templated":true}]}}